{"id":9878,"date":"2022-06-25T10:54:59","date_gmt":"2022-06-25T10:54:59","guid":{"rendered":"http:\/\/danselaplanche.ch\/?page_id=9878"},"modified":"2025-06-11T13:14:18","modified_gmt":"2025-06-11T13:14:18","slug":"jennifer-richod","status":"publish","type":"page","link":"https:\/\/danselaplanche.ch\/index.php\/jennifer-richod\/","title":{"rendered":"Jennifer Richoz"},"content":{"rendered":"<div class=\"wpb-content-wrapper\"><p>[vc_row][vc_column width=\u00a0\u00bb5\/6&Prime; offset=\u00a0\u00bbvc_col-lg-offset-1 vc_col-lg-10 vc_col-md-offset-1 vc_col-md-10 vc_col-sm-offset-1&Prime;]<div class=\"mkdf-elements-holder   mkdf-one-column  mkdf-responsive-mode-768 \" ><div class=\"mkdf-eh-item     \"  data-item-class=\"mkdf-eh-custom-7617\" data-1024-1366=\"0 68px\" data-768-1024=\"0 35px\" data-680-768=\"0 35px\" data-680=\"0 0 0 0\">\n\t<div class=\"mkdf-eh-item-inner\">\n\t\t<div class=\"mkdf-eh-item-content mkdf-eh-custom-7617\" style=\"padding: 0 70px\">\n\t\t\t[vc_empty_space height=\u00a0\u00bb125px\u00a0\u00bb]<p class=\"mkdf-custom-font-holder  mkdf-cf-6769  \" style=\"font-family: Scriptina;font-size: 50px;line-height: 2em;font-weight: 400;text-align: center;color: #bababa\" data-item-class=\"mkdf-cf-6769\" data-font-size-680=\"55px\" data-line-height-680=\"2em\">\n\t<\/p>[vc_column_text css=\u00a0\u00bb.vc_custom_1749647554110{margin-top: -35px !important;}\u00a0\u00bb]<\/p>\n<h3 style=\"text-align: center;\">Jennifer Richoz<\/h3>\n<p>[\/vc_column_text]<div class=\"mkdf-separator-holder clearfix  mkdf-separator-center  mkdf-separator-animation-yes\" style=\"margin-top: 30px;margin-bottom: 29px\">\n\t    <div data-width=\"140px\" class=\"mkdf-separator\" style=\"border-color: #000000;width: 140px;border-bottom-width: 1px\"><\/div>\n\t<\/div>\n[vc_empty_space height=\u00a0\u00bb25px\u00a0\u00bb]\t\t<\/div>\n\t<\/div>\n<\/div><\/div>[\/vc_column][\/vc_row][vc_row][vc_column width=\u00a0\u00bb1\/6&Prime;][\/vc_column][vc_column width=\u00a0\u00bb1\/6&Prime;]<div class=\"mkdf-team-holder mkdf-team-info-below-image\">\n\t<div class=\"mkdf-team-inner\">\n\t\t\t\t\t<div class=\"mkdf-team-image\">\n                <img loading=\"lazy\" decoding=\"async\" width=\"216\" height=\"250\" src=\"https:\/\/danselaplanche.ch\/wp-content\/uploads\/2025\/06\/jennifer_richod_portrait.jpg\" class=\"attachment-full size-full\" alt=\"\" \/>\t\t\t<\/div>\n\t\t\t\t<div class=\"mkdf-team-info\">\n\t\t\t\t\t\t\t<h4 class=\"mkdf-team-name\" >Jennifer Richoz<\/h4>\n\t\t\t\t\t\t\t\t\t\t<span class=\"mkdf-team-position\" >Afro Atmosph\u00e8re ado-adultes<\/span>\n\t\t\t\t\t\t\t\t\t\t\t<\/div>\n\t<\/div>\n<\/div>[\/vc_column][vc_column width=\u00a0\u00bb1\/2&Prime;][vc_column_text]Jennifer Richoz, suisso-cap-verdienne, en amour avec la danse et le mouvement depuis son enfance, s\u2019initie au hip-hop \u00e0 l&rsquo;\u00e2ge de 8 ans et explore la street danse ( locking, popping, hip hop&#8230;) jusqu&rsquo;\u00e0 ses 20 ans en divers lieux de formation du canton du fribourg.<br \/>\nElle cr\u00e9e en 2016 l&rsquo;association Essensciel avec C\u00e9line Pilloud, afin de dispenser des cours d&rsquo;expression corporelle pour enfants et adultes, de cr\u00e9er des spectacles et ateliers en lien avec l&rsquo;humain et la nature. Plus tard elle d\u00e9couvre, avec Valentine Volg, les bases de la dancehall, une danse qu&rsquo;elle affectionne beaucoup.<br \/>\nEn 2021, elle cr\u00e9e son propre projet danse \u00ab\u00a0<a href=\"https:\/\/www.iemanja-flow.ch\/\" target=\"_blank\" rel=\"noopener noreferrer\">iemanj\u00e0 flow <\/a>\u00bb apr\u00e8s moultes explorations et formations en lien avec le mouvement, le corps. Aujourd&rsquo;hui, praticienne de Womb Yoga, Danse de l&rsquo;\u00catre\u00ae, Respiration alchimique, Alegria Danse et E-move enfants, elle propose diff\u00e9rentes pratiques qui reconnectent au corps, dans un d\u00f4me g\u00e9od\u00e9sique nomade, proche de la nature. www.iemanja-flow.ch<br \/>\nAu fil du temps, elle fait quelques remplacements \u00e0 La Planche et ailleurs et d\u00e9cide en 2025 de cr\u00e9er un cours qui d\u00e9finit son style de danse inspir\u00e9 de la terre, de ses origines, de ses influences :\u00a0 \u00ab\u00a0Afro atmosph\u00e8re\u00bb.<\/p>\n<p>&nbsp;<\/p>\n<p>Contact : <a href=\"mailto:iemanja.flow@gmail.com\">Jennifer Richoz<\/a>[\/vc_column_text][\/vc_column][vc_column width=\u00a0\u00bb1\/6&Prime;][\/vc_column][\/vc_row][vc_row content_placement=\u00a0\u00bbmiddle\u00a0\u00bb][vc_column width=\u00a0\u00bb1\/5&Prime;][\/vc_column][vc_column width=\u00a0\u00bb1\/5&Prime;][\/vc_column][vc_column width=\u00a0\u00bb1\/5&Prime;][\/vc_column][vc_column width=\u00a0\u00bb1\/5&Prime;][\/vc_column][vc_column width=\u00a0\u00bb1\/5&Prime;]<a itemprop=\"url\" href=\"http:\/\/danselaplanche.ch\/index.php\/professeurs\/\" target=\"_self\" style=\"background-color: #ffffff;border-color: #000000\" class=\"mkdf-btn mkdf-btn-medium mkdf-btn-solid mkdf-btn-custom-hover-bg mkdf-btn-custom-border-hover mkdf-btn-custom-hover-color\" data-hover-color=\"#000000\" data-hover-bg-color=\"#ffffff\" data-hover-border-color=\"#000000\" >\n    <span class=\"mkdf-btn-text\">Retour<\/span>\n\t<\/a>[\/vc_column][\/vc_row]<\/p>\n<\/div>","protected":false},"excerpt":{"rendered":"<p>[vc_row][vc_column width=\u00a0\u00bb5\/6&Prime; offset=\u00a0\u00bbvc_col-lg-offset-1 vc_col-lg-10 vc_col-md-offset-1 vc_col-md-10 vc_col-sm-offset-1&Prime;][\/vc_column][\/vc_row][vc_row][vc_column width=\u00a0\u00bb1\/6&Prime;][\/vc_column][vc_column width=\u00a0\u00bb1\/6&Prime;][\/vc_column][vc_column width=\u00a0\u00bb1\/2&Prime;][vc_column_text]Jennifer Richoz, suisso-cap-verdienne, en amour avec la danse et le mouvement depuis son enfance, s\u2019initie au hip-hop \u00e0 l&rsquo;\u00e2ge de 8 ans et explore la street danse ( locking, popping, hip [&hellip;]<\/p>\n","protected":false},"author":3,"featured_media":0,"parent":0,"menu_order":0,"comment_status":"closed","ping_status":"closed","template":"coming-soon-page.php","meta":{"footnotes":""},"class_list":["post-9878","page","type-page","status-publish","hentry"],"_links":{"self":[{"href":"https:\/\/danselaplanche.ch\/index.php\/wp-json\/wp\/v2\/pages\/9878","targetHints":{"allow":["GET"]}}],"collection":[{"href":"https:\/\/danselaplanche.ch\/index.php\/wp-json\/wp\/v2\/pages"}],"about":[{"href":"https:\/\/danselaplanche.ch\/index.php\/wp-json\/wp\/v2\/types\/page"}],"author":[{"embeddable":true,"href":"https:\/\/danselaplanche.ch\/index.php\/wp-json\/wp\/v2\/users\/3"}],"replies":[{"embeddable":true,"href":"https:\/\/danselaplanche.ch\/index.php\/wp-json\/wp\/v2\/comments?post=9878"}],"version-history":[{"count":5,"href":"https:\/\/danselaplanche.ch\/index.php\/wp-json\/wp\/v2\/pages\/9878\/revisions"}],"predecessor-version":[{"id":10436,"href":"https:\/\/danselaplanche.ch\/index.php\/wp-json\/wp\/v2\/pages\/9878\/revisions\/10436"}],"wp:attachment":[{"href":"https:\/\/danselaplanche.ch\/index.php\/wp-json\/wp\/v2\/media?parent=9878"}],"curies":[{"name":"wp","href":"https:\/\/api.w.org\/{rel}","templated":true}]}}