{"id":9086,"date":"2020-05-12T20:21:33","date_gmt":"2020-05-12T20:21:33","guid":{"rendered":"http:\/\/demo.danselaplanche.ch\/oneconcept\/?page_id=9086"},"modified":"2026-03-12T09:44:50","modified_gmt":"2026-03-12T09:44:50","slug":"spectacles-stages","status":"publish","type":"page","link":"https:\/\/danselaplanche.ch\/index.php\/spectacles-stages\/","title":{"rendered":"Spectacles et stages"},"content":{"rendered":"<div class=\"wpb-content-wrapper\"><p>[vc_row][vc_column width=\u00a0\u00bb5\/6&Prime; offset=\u00a0\u00bbvc_col-lg-offset-1 vc_col-lg-10 vc_col-md-offset-1 vc_col-md-10 vc_col-sm-offset-1&Prime;]<div class=\"mkdf-elements-holder   mkdf-one-column  mkdf-responsive-mode-768 \" ><div class=\"mkdf-eh-item     \"  data-item-class=\"mkdf-eh-custom-8201\" data-1024-1366=\"0 68px\" data-768-1024=\"0 35px\" data-680-768=\"0 35px\" data-680=\"0 0 0 0\">\n\t<div class=\"mkdf-eh-item-inner\">\n\t\t<div class=\"mkdf-eh-item-content mkdf-eh-custom-8201\" style=\"padding: 0 70px\">\n\t\t\t[vc_empty_space height=\u00a0\u00bb40px\u00a0\u00bb][vc_column_text css=\u00a0\u00bb.vc_custom_1687522508590{margin-top: -35px !important;}\u00a0\u00bb]<\/p>\n<h3 style=\"text-align: center;\">Spectacles et Stages<\/h3>\n<p>[\/vc_column_text][vc_empty_space height=\u00a0\u00bb5px\u00a0\u00bb][vc_empty_space height=\u00a0\u00bb5px\u00a0\u00bb]\t\t<\/div>\n\t<\/div>\n<\/div><\/div>[\/vc_column][\/vc_row][vc_row][vc_column width=\u00a0\u00bb5\/6&Prime; offset=\u00a0\u00bbvc_col-lg-offset-1 vc_col-lg-10 vc_col-md-offset-1 vc_col-md-10 vc_col-sm-offset-1&Prime;]<div class=\"mkdf-elements-holder   mkdf-one-column  mkdf-responsive-mode-768 \" ><div class=\"mkdf-eh-item     \"  data-item-class=\"mkdf-eh-custom-2216\" data-1024-1366=\"0 68px\" data-768-1024=\"0 35px\" data-680-768=\"0 35px\" data-680=\"0 0 0 0\">\n\t<div class=\"mkdf-eh-item-inner\">\n\t\t<div class=\"mkdf-eh-item-content mkdf-eh-custom-2216\" style=\"padding: 0 70px\">\n\t\t\t[vc_empty_space height=\u00a0\u00bb40px\u00a0\u00bb][vc_column_text css=\u00a0\u00bb.vc_custom_1749649391150{margin-top: -35px !important;}\u00a0\u00bb]<\/p>\n<h5><\/h5>\n<h5><\/h5>\n<h5 style=\"text-align: center;\"><strong>AUTOMNE 2025 &#8211; \u00c9T\u00c9 2026<\/strong><\/h5>\n<p>[\/vc_column_text][vc_empty_space height=\u00a0\u00bb10px\u00a0\u00bb]<div class=\"mkdf-separator-holder clearfix  mkdf-separator-center  mkdf-separator-animation-yes\" style=\"margin-top: 30px;margin-bottom: 29px\">\n\t    <div data-width=\"140px\" class=\"mkdf-separator\" style=\"border-color: #000000;width: 140px;border-bottom-width: 1px\"><\/div>\n\t<\/div>\n[vc_empty_space height=\u00a0\u00bb10px\u00a0\u00bb][vc_empty_space height=\u00a0\u00bb20px\u00a0\u00bb][vc_column_text css_animation=\u00a0\u00bblightSpeedIn\u00a0\u00bb css=\u00a0\u00bb.vc_custom_1773308685802{margin-top: -35px !important;}\u00a0\u00bb]<\/p>\n<p style=\"text-align: center;\"><span style=\"font-size: 14pt;\"><span style=\"font-size: 18pt;\"><strong><span style=\"color: #ffb0b0;\">Portes ouvertes-spectacles le dimanche 14 juin 2026<br \/>\n\u00ab\u00a0PAS D&rsquo;ACCORD\u00a0\u00bb<br \/>\n<\/span><\/strong><\/span><\/span><span style=\"font-size: 14pt;\"><span style=\"font-size: 18pt;\"><strong><span style=\"color: #ffb0b0;\">Chor\u00e9graphies et animations participatives :<br \/>\nMatin \u00e0 10h30 suivi d&rsquo;un ap\u00e9ritif<br \/>\nApr\u00e8s-midi \u00e0 13h30 suivi d&rsquo;un ap\u00e9ritif<br \/>\n<\/span><\/strong><\/span><\/span><span style=\"font-size: 14pt;\"><span style=\"font-size: 18pt;\"><strong><span style=\"color: #ffb0b0;\">Apr\u00e8s-midi \u00e0 15h30 suivi d&rsquo;un ap\u00e9ritif<\/span><\/strong><\/span><\/span><\/p>\n<p style=\"text-align: center;\"><span style=\"font-size: 14pt;\">Au studio de l&rsquo;\u00e9cole de La Planche, Petites-Rames 22A,<\/span><span style=\"font-size: 14pt;\">\u00a0Fribourg<\/span><\/p>\n<p>[\/vc_column_text][vc_empty_space height=\u00a0\u00bb20px\u00a0\u00bb]<div class=\"mkdf-separator-holder clearfix  mkdf-separator-center  mkdf-separator-animation-yes\" style=\"margin-top: 30px;margin-bottom: 29px\">\n\t    <div data-width=\"140px\" class=\"mkdf-separator\" style=\"border-color: #000000;width: 140px;border-bottom-width: 1px\"><\/div>\n\t<\/div>\n[vc_empty_space height=\u00a0\u00bb40px\u00a0\u00bb][vc_column_text css_animation=\u00a0\u00bblightSpeedIn\u00a0\u00bb css=\u00a0\u00bb.vc_custom_1736787532120{margin-top: -35px !important;}\u00a0\u00bb]<\/p>\n<p style=\"text-align: center;\"><strong><span style=\"font-size: 14pt; color: #ffb3b3;\">En 2024 l&rsquo;\u00e9cole a souffl\u00e9 ses 50 bougies !<\/span><\/strong><\/p>\n<p style=\"text-align: center;\"><span style=\"font-size: 14pt;\"><span style=\"color: #ffb3b3;\"><strong>\u00a0\u00bb D\u00c9J\u00c0 50 ANS \u00a0\u00bb a eu lieu dans le quartier de la Neuveville<\/strong> <\/span><\/span><\/p>\n<p style=\"text-align: center;\"><span style=\"font-size: 14pt;\"><span style=\"color: #ffb3b3;\">\u00a0<a href=\"http:\/\/danselaplanche.ch\/wp-content\/uploads\/2024\/03\/Flyer-A5_Deja-50-ans_2024.pdf\" target=\"_blank\" rel=\"noopener noreferrer\"><span style=\"text-decoration: underline;\">FLYER \/ programme g\u00e9n\u00e9ral<\/span><\/a><\/span><\/span><\/p>\n<p style=\"text-align: center;\"><span style=\"font-size: 14pt;\"><span style=\"color: #ffb3b3;\"><br \/>\nPROGRAMME D\u00c9TAILL\u00c9 :<br \/>\n<a href=\"http:\/\/danselaplanche.ch\/wp-content\/uploads\/2024\/03\/12-AVRIL_Programme-detaille\u0301_De\u0301ja-50-ans.pdf\" target=\"_blank\" rel=\"noopener noreferrer\"><span style=\"text-decoration: underline;\">VE 12 avril<\/span><\/a>\u00a0 &#8211;\u00a0 <a href=\"http:\/\/danselaplanche.ch\/wp-content\/uploads\/2024\/04\/13-AVRIL_Programme-detaille\u0301_De\u0301ja-50-ans.pdf\" target=\"_blank\" rel=\"noopener noreferrer\"><span style=\"text-decoration: underline;\">SA 13 avril<\/span><\/a>\u00a0 &#8211;\u00a0 <a href=\"http:\/\/danselaplanche.ch\/wp-content\/uploads\/2024\/04\/14-AVRIL_Programme-detaille\u0301_De\u0301ja-50-ans.pdf\" target=\"_blank\" rel=\"noopener noreferrer\"><span style=\"text-decoration: underline;\">DI 14 avril<\/span><\/a><br \/>\n<a href=\"http:\/\/danselaplanche.ch\/wp-content\/uploads\/2024\/04\/18-AVRIL_Programme-detaille_Deja-50-ans.pdf\" target=\"_blank\" rel=\"noopener noreferrer\"><span style=\"text-decoration: underline;\">JE 18 avril<\/span><\/a>\u00a0 &#8211;\u00a0 <a href=\"http:\/\/danselaplanche.ch\/wp-content\/uploads\/2024\/04\/19-AVRIL_Programme-detaille_Deja-50-ans.pdf\" target=\"_blank\" rel=\"noopener noreferrer\"><span style=\"text-decoration: underline;\">VE 19 avril<\/span><\/a> &#8211;\u00a0 <a href=\"http:\/\/danselaplanche.ch\/wp-content\/uploads\/2024\/04\/20-AVRIL_Programme-detaille_Deja-50-ans-v2.pdf\" target=\"_blank\" rel=\"noopener noreferrer\"><span style=\"text-decoration: underline;\">SA 20 avril<\/span><\/a><\/span><\/span><\/p>\n<p style=\"text-align: center;\"><span style=\"font-size: 14pt;\"><span style=\"color: #ffb3b3;\"><br \/>\nSpectacles, animations et film-souvenir ont \u00e9t\u00e9 pr\u00e9sent\u00e9s :<br \/>\nTh\u00e9\u00e2tre de la Cit\u00e9 \/ Friart \/ Cour de l&rsquo;\u00e9cole de la Neuveville<br \/>\n<\/span><\/span><span style=\"font-size: 14pt;\"><span style=\"color: #ffb3b3;\">Les 12-13-14\u00a0 avril <\/span><\/span><span style=\"font-size: 14pt;\"><span style=\"color: #ffb3b3;\">&amp; 18-19-20 avril 2024<\/span><\/span><\/p>\n<p>[\/vc_column_text][vc_empty_space height=\u00a0\u00bb10px\u00a0\u00bb]\t\t<\/div>\n\t<\/div>\n<\/div><\/div>[\/vc_column][\/vc_row]<\/p>\n<\/div>","protected":false},"excerpt":{"rendered":"<p>[vc_row][vc_column width=\u00a0\u00bb5\/6&Prime; offset=\u00a0\u00bbvc_col-lg-offset-1 vc_col-lg-10 vc_col-md-offset-1 vc_col-md-10 vc_col-sm-offset-1&Prime;][\/vc_column][\/vc_row][vc_row][vc_column width=\u00a0\u00bb5\/6&Prime; offset=\u00a0\u00bbvc_col-lg-offset-1 vc_col-lg-10 vc_col-md-offset-1 vc_col-md-10 vc_col-sm-offset-1&Prime;][\/vc_column][\/vc_row]<\/p>\n","protected":false},"author":2,"featured_media":0,"parent":0,"menu_order":0,"comment_status":"closed","ping_status":"closed","template":"full-width.php","meta":{"footnotes":""},"class_list":["post-9086","page","type-page","status-publish","hentry"],"_links":{"self":[{"href":"https:\/\/danselaplanche.ch\/index.php\/wp-json\/wp\/v2\/pages\/9086","targetHints":{"allow":["GET"]}}],"collection":[{"href":"https:\/\/danselaplanche.ch\/index.php\/wp-json\/wp\/v2\/pages"}],"about":[{"href":"https:\/\/danselaplanche.ch\/index.php\/wp-json\/wp\/v2\/types\/page"}],"author":[{"embeddable":true,"href":"https:\/\/danselaplanche.ch\/index.php\/wp-json\/wp\/v2\/users\/2"}],"replies":[{"embeddable":true,"href":"https:\/\/danselaplanche.ch\/index.php\/wp-json\/wp\/v2\/comments?post=9086"}],"version-history":[{"count":183,"href":"https:\/\/danselaplanche.ch\/index.php\/wp-json\/wp\/v2\/pages\/9086\/revisions"}],"predecessor-version":[{"id":10733,"href":"https:\/\/danselaplanche.ch\/index.php\/wp-json\/wp\/v2\/pages\/9086\/revisions\/10733"}],"wp:attachment":[{"href":"https:\/\/danselaplanche.ch\/index.php\/wp-json\/wp\/v2\/media?parent=9086"}],"curies":[{"name":"wp","href":"https:\/\/api.w.org\/{rel}","templated":true}]}}