{"id":8849,"date":"2020-04-23T22:02:38","date_gmt":"2020-04-23T22:02:38","guid":{"rendered":"http:\/\/demo.danselaplanche.ch\/oneconcept\/?page_id=8849"},"modified":"2026-01-26T10:00:34","modified_gmt":"2026-01-26T10:00:34","slug":"inscription","status":"publish","type":"page","link":"https:\/\/danselaplanche.ch\/index.php\/inscription\/","title":{"rendered":"Inscription"},"content":{"rendered":"<div class=\"wpb-content-wrapper\"><p>[vc_row row_content_width=\u00a0\u00bbgrid\u00a0\u00bb css=\u00a0\u00bb.vc_custom_1599503784695{padding-top: 50px !important;padding-bottom: 50px !important;}\u00a0\u00bb][vc_column offset=\u00a0\u00bbvc_col-lg-offset-2 vc_col-lg-8&Prime; css=\u00a0\u00bb.vc_custom_1599507213671{padding-right: 40px !important;padding-left: 40px !important;}\u00a0\u00bb]<div class=\"mkdf-section-title-holder   mkdf-st-reverse-order\" style=\"text-align: center\">\n\t<div class=\"mkdf-st-inner\">\n                                                <h3 class=\"mkdf-st-title\" >\n                Inscription                <\/h3>\n                    \t<\/div>\n<\/div><div class=\"mkdf-separator-holder clearfix  mkdf-separator-center  mkdf-separator-animation-yes\" style=\"margin-top: 30px;margin-bottom: 30px\">\n\t    <div data-width=\"140px\" class=\"mkdf-separator\" style=\"border-color: #000000;width: 140px;border-bottom-width: 1px\"><\/div>\n\t<\/div>\n[vc_column_text css=\u00a0\u00bb\u00a0\u00bb]<\/p>\n<h4 style=\"text-align: center;\">J&rsquo;ai pris connaissance du <span style=\"text-decoration: underline;\"><span style=\"color: #ffa6a6; text-decoration: underline;\"><strong><a style=\"color: #ffa6a6; text-decoration: underline;\" href=\"http:\/\/danselaplanche.ch\/index.php\/reglement\/\" target=\"_blank\" rel=\"noopener noreferrer\">r\u00e8glement<\/a><\/strong><\/span><\/span> et en accepte les conditions.<\/h4>\n<p>[\/vc_column_text]<div class=\"mkdf-separator-holder clearfix  mkdf-separator-center  mkdf-separator-animation-yes\" style=\"margin-top: 30px;margin-bottom: 60px\">\n\t    <div data-width=\"140px\" class=\"mkdf-separator\" style=\"border-color: #000000;width: 140px;border-bottom-width: 1px\"><\/div>\n\t<\/div>\n\n<div class=\"wpcf7 no-js\" id=\"wpcf7-f10717-o1\" lang=\"fr-FR\" dir=\"ltr\" data-wpcf7-id=\"10717\">\n<div class=\"screen-reader-response\"><p role=\"status\" aria-live=\"polite\" aria-atomic=\"true\"><\/p> <ul><\/ul><\/div>\n<form action=\"\/index.php\/wp-json\/wp\/v2\/pages\/8849#wpcf7-f10717-o1\" method=\"post\" class=\"wpcf7-form init cf7_custom_style_2\" aria-label=\"Formulaire de contact\" novalidate=\"novalidate\" data-status=\"init\">\n<fieldset class=\"hidden-fields-container\"><input type=\"hidden\" name=\"_wpcf7\" value=\"10717\" \/><input type=\"hidden\" name=\"_wpcf7_version\" value=\"6.1.5\" \/><input type=\"hidden\" name=\"_wpcf7_locale\" value=\"fr_FR\" \/><input type=\"hidden\" name=\"_wpcf7_unit_tag\" value=\"wpcf7-f10717-o1\" \/><input type=\"hidden\" name=\"_wpcf7_container_post\" value=\"0\" \/><input type=\"hidden\" name=\"_wpcf7_posted_data_hash\" value=\"\" \/>\n<\/fieldset>\n<div class=\"cf7-grid\">\n\t<div class=\"cf7-row\">\n\t\t<div class=\"cf7-col cf7-col-6\">\n\t\t\t<p><label>Pr\u00e9nom*<\/label><br \/>\n<span class=\"wpcf7-form-control-wrap\" data-name=\"Prenom\"><input size=\"40\" maxlength=\"400\" class=\"wpcf7-form-control wpcf7-text wpcf7-validates-as-required\" autocomplete=\"given-name\" aria-required=\"true\" aria-invalid=\"false\" value=\"\" type=\"text\" name=\"Prenom\" \/><\/span>\n\t\t\t<\/p>\n\t\t<\/div>\n\t\t<div class=\"cf7-col cf7-col-6\">\n\t\t\t<p><label>Nom*<\/label><br \/>\n<span class=\"wpcf7-form-control-wrap\" data-name=\"Nom\"><input size=\"40\" maxlength=\"400\" class=\"wpcf7-form-control wpcf7-text wpcf7-validates-as-required\" autocomplete=\"family-name\" aria-required=\"true\" aria-invalid=\"false\" value=\"\" type=\"text\" name=\"Nom\" \/><\/span>\n\t\t\t<\/p>\n\t\t<\/div>\n\t<\/div>\n\t<div class=\"cf7-row\">\n\t\t<div class=\"cf7-col cf7-col-6\">\n\t\t\t<p><label>Adresse*<\/label><br \/>\n<span class=\"wpcf7-form-control-wrap\" data-name=\"Adresse\"><input size=\"40\" maxlength=\"400\" class=\"wpcf7-form-control wpcf7-text wpcf7-validates-as-required\" autocomplete=\"street-address\" aria-required=\"true\" aria-invalid=\"false\" value=\"\" type=\"text\" name=\"Adresse\" \/><\/span>\n\t\t\t<\/p>\n\t\t<\/div>\n\t\t<div class=\"cf7-col cf7-col-6\">\n\t\t\t<p><label>CP \u2013 Lieu*<\/label><br \/>\n<span class=\"wpcf7-form-control-wrap\" data-name=\"CpLieu\"><input size=\"40\" maxlength=\"400\" class=\"wpcf7-form-control wpcf7-text wpcf7-validates-as-required\" autocomplete=\"postal-code\" aria-required=\"true\" aria-invalid=\"false\" value=\"\" type=\"text\" name=\"CpLieu\" \/><\/span>\n\t\t\t<\/p>\n\t\t<\/div>\n\t<\/div>\n\t<div class=\"cf7-row\">\n\t\t<div class=\"cf7-col cf7-col-6\">\n\t\t\t<p><label>N\u00b0 T\u00e9l*<\/label><br \/>\n<span class=\"wpcf7-form-control-wrap\" data-name=\"NTl\"><input size=\"40\" maxlength=\"400\" class=\"wpcf7-form-control wpcf7-tel wpcf7-validates-as-required wpcf7-text wpcf7-validates-as-tel\" autocomplete=\"tel\" aria-required=\"true\" aria-invalid=\"false\" value=\"\" type=\"tel\" name=\"NTl\" \/><\/span>\n\t\t\t<\/p>\n\t\t<\/div>\n\t\t<div class=\"cf7-col cf7-col-6\">\n\t\t\t<p><label>N\u00b0 Mobile<\/label><br \/>\n<span class=\"wpcf7-form-control-wrap\" data-name=\"NMobile\"><input size=\"40\" maxlength=\"400\" class=\"wpcf7-form-control wpcf7-tel wpcf7-text wpcf7-validates-as-tel\" autocomplete=\"tel-national\" aria-invalid=\"false\" value=\"\" type=\"tel\" name=\"NMobile\" \/><\/span>\n\t\t\t<\/p>\n\t\t<\/div>\n\t<\/div>\n\t<div class=\"cf7-row\">\n\t\t<div class=\"cf7-col cf7-col-12\">\n\t\t\t<p><label>E-mail*<\/label><br \/>\n<span class=\"wpcf7-form-control-wrap\" data-name=\"email\"><input size=\"40\" maxlength=\"400\" class=\"wpcf7-form-control wpcf7-email wpcf7-validates-as-required wpcf7-text wpcf7-validates-as-email\" autocomplete=\"email\" aria-required=\"true\" aria-invalid=\"false\" value=\"\" type=\"email\" name=\"email\" \/><\/span>\n\t\t\t<\/p>\n\t\t<\/div>\n\t<\/div>\n\n <!-- INFOS ENFANTS \/ MINEURS -->\n\t<fieldset class=\"cf7-fieldset cf7-fieldset-enfants\">\n\t\t<h4>Informations concernant les enfants et adolescents\n\t\t<\/h4>\n\t\t<p class=\"cf7-help\">\u00c0 remplir uniquement si l\u2019inscription concerne un\u00b7e \u00e9l\u00e8ve \u00e2g\u00e9\u00b7e de 5 \u00e0 20 ans. Les cours destin\u00e9s aux jeunes de cette tranche d'\u00e2ge s\u2019inscrivent dans les activit\u00e9s de Jeunesse &amp; Sport et sont soutenus par l\u2019\u00c9tat de Fribourg.\n\t\t<\/p>\n\t\t<div class=\"cf7-row\">\n\t\t\t<div class=\"cf7-col cf7-col-12\">\n\t\t\t\t<p><label>Date de naissance<\/label><br \/>\n<span class=\"wpcf7-form-control-wrap\" data-name=\"Datedenaissancepourlesmineurs\"><input class=\"wpcf7-form-control wpcf7-date wpcf7-validates-as-date\" aria-invalid=\"false\" value=\"\" type=\"date\" name=\"Datedenaissancepourlesmineurs\" \/><\/span>\n\t\t\t\t<\/p>\n\t\t\t<\/div>\n\t\t<\/div>\n\t\t<div class=\"cf7-row\">\n\t\t\t<div class=\"cf7-col cf7-col-12\">\n\t\t\t\t<p><label>Nom et pr\u00e9nom du responsable parental (uniquement pour les mineurs)<\/label><br \/>\n<span class=\"wpcf7-form-control-wrap\" data-name=\"responsableparental\"><input size=\"40\" maxlength=\"400\" class=\"wpcf7-form-control wpcf7-text\" aria-invalid=\"false\" value=\"\" type=\"text\" name=\"responsableparental\" \/><\/span>\n\t\t\t\t<\/p>\n\t\t\t<\/div>\n\t\t<\/div>\n\t\t<div class=\"cf7-row\">\n\t\t\t<div class=\"cf7-col cf7-col-12\">\n\t\t\t\t<p><label>No AVS<\/label><br \/>\n<span class=\"wpcf7-form-control-wrap\" data-name=\"noavs\"><input size=\"40\" maxlength=\"400\" class=\"wpcf7-form-control wpcf7-text\" aria-invalid=\"false\" value=\"\" type=\"text\" name=\"noavs\" \/><\/span>\n\t\t\t\t<\/p>\n\t\t\t<\/div>\n\t\t\t<div class=\"cf7-col cf7-col-12\">\n\t\t\t\t<p class=\"cf7-help\">Le no AVS de chaque \u00e9l\u00e8ve concern\u00e9\u00b7e est demand\u00e9 dans l\u2019inscription. Une fois l\u2019inscription valid\u00e9e, le num\u00e9ro est enregistr\u00e9 dans la base de donn\u00e9es de Jeunesse &amp; Sport et utilis\u00e9 strictement dans ce cadre. Voir le <a target=\"_blank\" href=\"https:\/\/danselaplanche.ch\/index.php\/reglement\/\">r\u00e8glement<\/a>.\n\t\t\t\t<\/p>\n\t\t\t<\/div>\n\t\t<\/div>\n\t<\/fieldset>\n\n <!-- DROIT A L'IMAGE -->\n\t<fieldset class=\"cf7-fieldset\">\n\t\t<h4>Droit \u00e0 l'image\n\t\t<\/h4>\n\t\t<p>Dans le cadre de l'\u00e9cole et \u00e0 des fins p\u00e9dagogiques, artistiques ou promotionnelles, j'autorise l'utilisation des images :\n\t\t<\/p>\n\t\t<div class=\"cf7-row\">\n\t\t\t<div class=\"cf7-col cf7-col-12\">\n\t\t\t\t<p>De ma propre personne :*\n\t\t\t\t<\/p>\n\t\t\t\t<p><span class=\"wpcf7-form-control-wrap\" data-name=\"droit_image_moi\"><span class=\"wpcf7-form-control wpcf7-radio\"><span class=\"wpcf7-list-item first\"><label><input type=\"radio\" name=\"droit_image_moi\" value=\"Oui\" \/><span class=\"wpcf7-list-item-label\">Oui<\/span><\/label><\/span><span class=\"wpcf7-list-item last\"><label><input type=\"radio\" name=\"droit_image_moi\" value=\"Non\" \/><span class=\"wpcf7-list-item-label\">Non<\/span><\/label><\/span><\/span><\/span>\n\t\t\t\t<\/p>\n\t\t\t<\/div>\n\t\t<\/div>\n\t\t<div class=\"cf7-row\">\n\t\t\t<div class=\"cf7-col cf7-col-12\">\n\t\t\t\t<p>De l'enfant\/des enfants sur le(s)quel(s) j'exerce l'autorit\u00e9 parentale :*\n\t\t\t\t<\/p>\n\t\t\t\t<p><span class=\"wpcf7-form-control-wrap\" data-name=\"droit_image_enfant\"><span class=\"wpcf7-form-control wpcf7-radio\"><span class=\"wpcf7-list-item first\"><label><input type=\"radio\" name=\"droit_image_enfant\" value=\"Oui\" \/><span class=\"wpcf7-list-item-label\">Oui<\/span><\/label><\/span><span class=\"wpcf7-list-item last\"><label><input type=\"radio\" name=\"droit_image_enfant\" value=\"Non\" \/><span class=\"wpcf7-list-item-label\">Non<\/span><\/label><\/span><\/span><\/span>\n\t\t\t\t<\/p>\n\t\t\t<\/div>\n\t\t<\/div>\n\t<\/fieldset>\n\n <!-- COURS -->\n\t<div class=\"cf7-row cf7-cours\">\n\t\t<div class=\"cf7-col cf7-col-4\">\n\t\t\t<p><label>Cours<\/label><br \/>\n<span class=\"wpcf7-form-control-wrap\" data-name=\"Cours2\"><select class=\"wpcf7-form-control wpcf7-select\" aria-invalid=\"false\" name=\"Cours2\"><option value=\"\">&#8212;Veuillez choisir une option&#8212;<\/option><option value=\"Afro-atmosph\u00e8re\">Afro-atmosph\u00e8re<\/option><option value=\"Caract\u00e8re-Danse expressive\">Caract\u00e8re-Danse expressive<\/option><option value=\"Classique\">Classique<\/option><option value=\"Contemporain\">Contemporain<\/option><option value=\"Fusion contemporain\">Fusion contemporain<\/option><option value=\"Gym Douce\">Gym Douce<\/option><option value=\"Hip-Hop\">Hip-Hop<\/option><option value=\"Initiation\">Initiation<\/option><option value=\"Modern jazz\">Modern jazz<\/option><option value=\"Pilates-stretching\">Pilates-stretching<\/option><option value=\"Qi-Gong Tai-Chi-Chuan\">Qi-Gong Tai-Chi-Chuan<\/option><option value=\"Yoga\">Yoga<\/option><\/select><\/span>\n\t\t\t<\/p>\n\t\t<\/div>\n\t\t<div class=\"cf7-col cf7-col-4\">\n\t\t\t<p><label>Jour<\/label><br \/>\n<span class=\"wpcf7-form-control-wrap\" data-name=\"Jour2\"><select class=\"wpcf7-form-control wpcf7-select\" aria-invalid=\"false\" name=\"Jour2\"><option value=\"\">&#8212;Veuillez choisir une option&#8212;<\/option><option value=\"Lundi\">Lundi<\/option><option value=\"Mardi\">Mardi<\/option><option value=\"Mercredi\">Mercredi<\/option><option value=\"Jeudi\">Jeudi<\/option><option value=\"Vendredi\">Vendredi<\/option><option value=\"Samedi\">Samedi<\/option><\/select><\/span>\n\t\t\t<\/p>\n\t\t<\/div>\n\t\t<div class=\"cf7-col cf7-col-4\">\n\t\t\t<p><label>Horaire<\/label><br \/>\n<span class=\"wpcf7-form-control-wrap\" data-name=\"ChoixHoraire2\"><input size=\"40\" maxlength=\"400\" class=\"wpcf7-form-control wpcf7-text\" aria-invalid=\"false\" value=\"\" type=\"text\" name=\"ChoixHoraire2\" \/><\/span>\n\t\t\t<\/p>\n\t\t<\/div>\n\t<\/div>\n\t<div class=\"cf7-row cf7-cours\">\n\t\t<div class=\"cf7-col cf7-col-4\">\n\t\t\t<p><label>Cours<\/label><br \/>\n<span class=\"wpcf7-form-control-wrap\" data-name=\"Cours3\"><select class=\"wpcf7-form-control wpcf7-select\" aria-invalid=\"false\" name=\"Cours3\"><option value=\"\">&#8212;Veuillez choisir une option&#8212;<\/option><option value=\"Afro-atmosph\u00e8re\">Afro-atmosph\u00e8re<\/option><option value=\"Caract\u00e8re-Danse expressive\">Caract\u00e8re-Danse expressive<\/option><option value=\"Classique\">Classique<\/option><option value=\"Contemporain\">Contemporain<\/option><option value=\"Fusion contemporain\">Fusion contemporain<\/option><option value=\"Gym Douce\">Gym Douce<\/option><option value=\"Hip-Hop\">Hip-Hop<\/option><option value=\"Initiation\">Initiation<\/option><option value=\"Modern Jazz\">Modern Jazz<\/option><option value=\"Pilates-stretching\">Pilates-stretching<\/option><option value=\"Qi-Gong Tai-Chi-Chuan\">Qi-Gong Tai-Chi-Chuan<\/option><option value=\"Yoga\">Yoga<\/option><\/select><\/span>\n\t\t\t<\/p>\n\t\t<\/div>\n\t\t<div class=\"cf7-col cf7-col-4\">\n\t\t\t<p><label>Jour<\/label><br \/>\n<span class=\"wpcf7-form-control-wrap\" data-name=\"Jour3\"><select class=\"wpcf7-form-control wpcf7-select\" aria-invalid=\"false\" name=\"Jour3\"><option value=\"\">&#8212;Veuillez choisir une option&#8212;<\/option><option value=\"Lundi\">Lundi<\/option><option value=\"Mardi\">Mardi<\/option><option value=\"Mercredi\">Mercredi<\/option><option value=\"Jeudi\">Jeudi<\/option><option value=\"Vendredi\">Vendredi<\/option><option value=\"Samedi\">Samedi<\/option><\/select><\/span>\n\t\t\t<\/p>\n\t\t<\/div>\n\t\t<div class=\"cf7-col cf7-col-4\">\n\t\t\t<p><label>Horaire<\/label><br \/>\n<span class=\"wpcf7-form-control-wrap\" data-name=\"ChoixHoraire3\"><input size=\"40\" maxlength=\"400\" class=\"wpcf7-form-control wpcf7-text\" aria-invalid=\"false\" value=\"\" type=\"text\" name=\"ChoixHoraire3\" \/><\/span>\n\t\t\t<\/p>\n\t\t<\/div>\n\t<\/div>\n\t<div class=\"cf7-row cf7-cours\">\n\t\t<div class=\"cf7-col cf7-col-4\">\n\t\t\t<p><label>Cours<\/label><br \/>\n<span class=\"wpcf7-form-control-wrap\" data-name=\"Cours4\"><select class=\"wpcf7-form-control wpcf7-select\" aria-invalid=\"false\" name=\"Cours4\"><option value=\"\">&#8212;Veuillez choisir une option&#8212;<\/option><option value=\"Afro-atmosph\u00e8re\">Afro-atmosph\u00e8re<\/option><option value=\"Caract\u00e8re-Danse expressive\">Caract\u00e8re-Danse expressive<\/option><option value=\"Classique\">Classique<\/option><option value=\"Contemporain\">Contemporain<\/option><option value=\"Fusion contemporain\">Fusion contemporain<\/option><option value=\"Gym Douce\">Gym Douce<\/option><option value=\"Hip-Hop\">Hip-Hop<\/option><option value=\"Initiation\">Initiation<\/option><option value=\"Modern Jazz\">Modern Jazz<\/option><option value=\"Pilates-stretching\">Pilates-stretching<\/option><option value=\"Qi-Gong Tai-Chi-Chuan\">Qi-Gong Tai-Chi-Chuan<\/option><option value=\"Yoga\">Yoga<\/option><\/select><\/span>\n\t\t\t<\/p>\n\t\t<\/div>\n\t\t<div class=\"cf7-col cf7-col-4\">\n\t\t\t<p><label>Jour<\/label><br \/>\n<span class=\"wpcf7-form-control-wrap\" data-name=\"Jour4\"><select class=\"wpcf7-form-control wpcf7-select\" aria-invalid=\"false\" name=\"Jour4\"><option value=\"\">&#8212;Veuillez choisir une option&#8212;<\/option><option value=\"Lundi\">Lundi<\/option><option value=\"Mardi\">Mardi<\/option><option value=\"Mercredi\">Mercredi<\/option><option value=\"Jeudi\">Jeudi<\/option><option value=\"Vendredi\">Vendredi<\/option><option value=\"Samedi\">Samedi<\/option><\/select><\/span>\n\t\t\t<\/p>\n\t\t<\/div>\n\t\t<div class=\"cf7-col cf7-col-4\">\n\t\t\t<p><label>Horaire<\/label><br \/>\n<span class=\"wpcf7-form-control-wrap\" data-name=\"ChoixHoraire4\"><input size=\"40\" maxlength=\"400\" class=\"wpcf7-form-control wpcf7-text\" aria-invalid=\"false\" value=\"\" type=\"text\" name=\"ChoixHoraire4\" \/><\/span>\n\t\t\t<\/p>\n\t\t<\/div>\n\t<\/div>\n\t<div class=\"cf7-row\">\n\t\t<div class=\"cf7-col cf7-col-12\">\n\t\t\t<p><label>Votre message<\/label><br \/>\n<span class=\"wpcf7-form-control-wrap\" data-name=\"message\"><textarea cols=\"40\" rows=\"10\" maxlength=\"2000\" class=\"wpcf7-form-control wpcf7-textarea\" aria-invalid=\"false\" name=\"message\"><\/textarea><\/span>\n\t\t\t<\/p>\n\t\t<\/div>\n\t<\/div>\n\t<div class=\"cf7-row\">\n\t\t<div class=\"cf7-col cf7-col-12\">\n\t\t\t<p><button class=\"wpcf7-form-control wpcf7-submit mkdf-btn mkdf-btn-medium mkdf-btn-solid\" type=\"submit\"><span class=\"mkdf-btn-text\">Envoyer<\/span><\/button>\n\t\t\t<\/p>\n\t\t<\/div>\n\t<\/div>\n<\/div><div class=\"wpcf7-response-output\" aria-hidden=\"true\"><\/div>\n<\/form>\n<\/div>\n[vc_column_text css=\u00a0\u00bb\u00a0\u00bb]<span style=\"color: #333333;\"><strong>Sans confirmation de notre part, consid\u00e9rez votre inscription comme enregistr\u00e9e<\/strong><\/span>[\/vc_column_text][\/vc_column][\/vc_row]<\/p>\n<\/div>","protected":false},"excerpt":{"rendered":"<p>[vc_row row_content_width=\u00a0\u00bbgrid\u00a0\u00bb css=\u00a0\u00bb.vc_custom_1599503784695{padding-top: 50px !important;padding-bottom: 50px !important;}\u00a0\u00bb][vc_column offset=\u00a0\u00bbvc_col-lg-offset-2 vc_col-lg-8&Prime; css=\u00a0\u00bb.vc_custom_1599507213671{padding-right: 40px !important;padding-left: 40px !important;}\u00a0\u00bb][vc_column_text css=\u00a0\u00bb\u00a0\u00bb] J&rsquo;ai pris connaissance du r\u00e8glement et en accepte les conditions. [\/vc_column_text][vc_column_text css=\u00a0\u00bb\u00a0\u00bb]Sans confirmation de notre part, consid\u00e9rez votre inscription comme enregistr\u00e9e[\/vc_column_text][\/vc_column][\/vc_row]<\/p>\n","protected":false},"author":2,"featured_media":0,"parent":0,"menu_order":0,"comment_status":"closed","ping_status":"closed","template":"full-width.php","meta":{"footnotes":""},"class_list":["post-8849","page","type-page","status-publish","hentry"],"_links":{"self":[{"href":"https:\/\/danselaplanche.ch\/index.php\/wp-json\/wp\/v2\/pages\/8849","targetHints":{"allow":["GET"]}}],"collection":[{"href":"https:\/\/danselaplanche.ch\/index.php\/wp-json\/wp\/v2\/pages"}],"about":[{"href":"https:\/\/danselaplanche.ch\/index.php\/wp-json\/wp\/v2\/types\/page"}],"author":[{"embeddable":true,"href":"https:\/\/danselaplanche.ch\/index.php\/wp-json\/wp\/v2\/users\/2"}],"replies":[{"embeddable":true,"href":"https:\/\/danselaplanche.ch\/index.php\/wp-json\/wp\/v2\/comments?post=8849"}],"version-history":[{"count":57,"href":"https:\/\/danselaplanche.ch\/index.php\/wp-json\/wp\/v2\/pages\/8849\/revisions"}],"predecessor-version":[{"id":10728,"href":"https:\/\/danselaplanche.ch\/index.php\/wp-json\/wp\/v2\/pages\/8849\/revisions\/10728"}],"wp:attachment":[{"href":"https:\/\/danselaplanche.ch\/index.php\/wp-json\/wp\/v2\/media?parent=8849"}],"curies":[{"name":"wp","href":"https:\/\/api.w.org\/{rel}","templated":true}]}}