{"id":8788,"date":"2020-04-23T16:36:08","date_gmt":"2020-04-23T16:36:08","guid":{"rendered":"http:\/\/demo.danselaplanche.ch\/oneconcept\/?page_id=8788"},"modified":"2025-09-01T16:21:12","modified_gmt":"2025-09-01T16:21:12","slug":"contact-professeurs","status":"publish","type":"page","link":"https:\/\/danselaplanche.ch\/index.php\/contact-professeurs\/","title":{"rendered":"Contact Professeures"},"content":{"rendered":"<div class=\"wpb-content-wrapper\"><p>[vc_row row_content_width=\u00a0\u00bbgrid\u00a0\u00bb][vc_column]<div class=\"mkdf-elements-holder   mkdf-one-column  mkdf-responsive-mode-768 mkdf-one-column-alignment-center\" ><div class=\"mkdf-eh-item     \"  data-item-class=\"mkdf-eh-custom-2622\" data-768-1024=\"30px 0 0\" data-680-768=\"50px 0 0\" data-680=\"35px 0 100px\">\n\t<div class=\"mkdf-eh-item-inner\">\n\t\t<div class=\"mkdf-eh-item-content mkdf-eh-custom-2622\" >\n\t\t\t[vc_empty_space height=\u00a0\u00bb40px\u00a0\u00bb]<p class=\"mkdf-custom-font-holder  mkdf-cf-3317  \" style=\"font-family: Scriptina;font-size: 50px;line-height: 2em;font-weight: 400;text-align: center;color: #bababa\" data-item-class=\"mkdf-cf-3317\" data-font-size-680=\"55px\" data-line-height-680=\"2em\">\n\t<\/p>[vc_column_text css=\u00a0\u00bb.vc_custom_1587659678308{margin-top: -35px !important;}\u00a0\u00bb]<\/p>\n<h1 style=\"text-align: center;\">Contact<\/h1>\n<p>[\/vc_column_text]<div class=\"mkdf-separator-holder clearfix  mkdf-separator-center  mkdf-separator-animation-yes\" style=\"margin-top: 30px;margin-bottom: 29px\">\n\t    <div data-width=\"140px\" class=\"mkdf-separator\" style=\"border-color: #000000;width: 140px;border-bottom-width: 1px\"><\/div>\n\t<\/div>\n\t\t<\/div>\n\t<\/div>\n<\/div><\/div>[\/vc_column][\/vc_row][vc_row content_text_aligment=\u00a0\u00bbcenter\u00a0\u00bb][vc_column width=\u00a0\u00bb1\/6&Prime;][\/vc_column][vc_column width=\u00a0\u00bb1\/6&Prime;][\/vc_column][vc_column width=\u00a0\u00bb1\/6&Prime;][vc_empty_space height=\u00a0\u00bb15px\u00a0\u00bb][vc_column_text]<strong><span style=\"color: #000000;\">Initiation enfants<\/span><br \/>\n<\/strong>Sarah (\u00e0 Grolley)<br \/>\nIlyouk et L\u00e9a<\/p>\n<p><strong><span style=\"color: #000000;\">Contemporain enfants<\/span><\/strong><br \/>\nSarah (aussi \u00e0 Grolley)<br \/>\nIlyouk et L\u00e9a<br \/>\nNo\u00e9mie<\/p>\n<p><span style=\"color: #000000;\"><strong>Contemporain adultes<\/strong><\/span><br \/>\nNathalie<br \/>\nVictoria<\/p>\n<p><span style=\"color: #000000;\"><strong>Modern jazz enfants<\/strong><\/span><br \/>\nSarah<\/p>\n<p><span style=\"color: #000000;\"><strong>Modern jazz adultes<\/strong><\/span><br \/>\nNathalie<br \/>\nVictoria<\/p>\n<p><strong><span style=\"color: #000000;\">Classique enfants<\/span><br \/>\n<\/strong>Marceline<br \/>\nSarah (\u00e0 Grolley)<\/p>\n<p><span style=\"color: #000000;\"><strong>Classique adultes<\/strong><\/span><br \/>\nNathalie<\/p>\n<p><span style=\"color: #000000;\"><strong>Caract\u00e8re-danse expressive<\/strong><\/span><br \/>\nMady et Nathalie<\/p>\n<p><span style=\"color: #000000;\"><strong>Hip-hop<br \/>\n<\/strong><\/span>Ana<\/p>\n<p><strong><span style=\"color: #000000;\">Fusion contemporain<\/span><br \/>\n<\/strong>No\u00e9mie<\/p>\n<p><span style=\"color: #000000;\"><strong>Afro Atmosph\u00e8re<\/strong><\/span><br \/>\nJennifer<\/p>\n<p><span style=\"color: #000000;\"><strong>Gym-douce<\/strong><\/span><br \/>\nMady<br \/>\nNathalie<\/p>\n<p><span style=\"color: #000000;\"><strong>Qi-gong \/Tai-chi-chuan<\/strong><br \/>\n<\/span>Mady<\/p>\n<p><strong><span style=\"color: #000000;\">PIlates et stretching<\/span><\/strong><br \/>\nSarah<\/p>\n<p><span style=\"color: #000000;\"><strong>Yoga<\/strong><br \/>\n<\/span>No\u00e9mie<span style=\"color: #000000;\"><strong><br \/>\n<\/strong><\/span>[\/vc_column_text][vc_empty_space height=\u00a0\u00bb30px\u00a0\u00bb][\/vc_column][vc_column width=\u00a0\u00bb1\/6&Prime;][vc_empty_space height=\u00a0\u00bb15px\u00a0\u00bb][vc_column_text]<strong>Mady Perriard<\/strong><br \/>\nNeuveville 68<br \/>\n1700 Fribourg<br \/>\n026 322 78 30<\/p>\n<p><strong>Nathalie<br \/>\nFavre-Pandur<\/strong><br \/>\nRte Mon-Repos 23<br \/>\n1700 Fribourg<br \/>\n079 211 40 17<br \/>\n<span style=\"color: #0000ff;\"><a style=\"color: #0000ff;\" href=\"mailto:nathalie@danselaplanche.ch\">nathalie@danselaplanche.ch<\/a><\/span><\/p>\n<p><strong>Victoria Schnegg<\/strong><br \/>\nPetites-Rames 4<br \/>\n1700 Fribourg<br \/>\n078 727 91 22<span style=\"color: #000000;\"><br \/>\n<\/span><span style=\"color: #0000ff;\"><a style=\"color: #0000ff;\" href=\"mailto:paloma.platform@gmail.com\">paloma.platform@gmail.com<\/a><\/span><\/p>\n<p><strong>Sarah Avelini<\/strong><br \/>\nCh de l&rsquo;Ecrua 6<br \/>\n1565 Missy<br \/>\n079 545 67 07<br \/>\n<span style=\"color: #000000;\"><span style=\"color: #0000ff;\"><a style=\"color: #0000ff;\" href=\"mailto:sarah.avelini@gmail.com\">sarah.avelini@gmail.com<\/a><\/span><\/span><\/p>\n<p><strong>Ana Oliveira<br \/>\n<\/strong>Ch. des Roches 9<br \/>\n1700 Fribourg<br \/>\n079 889 69 36<br \/>\n<a href=\"mailto:ana.nyy99@gmail.com\"><span style=\"color: #3366ff;\"><span style=\"color: #0000ff;\">ana.nyy99@gmail.com<\/span><\/span><\/a><\/p>\n<p><strong>Marceline Baudois<\/strong><br \/>\nRte de la C\u00f4te 49<br \/>\n1741 Cottens<br \/>\n079 191 50 62\u202c<br \/>\n<a href=\"mailto:marcelinebaudois@gmail.com\"><span style=\"color: #3366ff;\"><span style=\"color: #0000ff;\">marceline.baudois@gmail.com<\/span><\/span><\/a><\/p>\n<p><strong>Ilyouk Liechti<\/strong><br \/>\nCh. des Kybourg 10<br \/>\n1700 Fribourg<br \/>\n079 265 30 98<br \/>\n<a href=\"mailto:liechti.ilyouk@gmail.com\"><span style=\"color: #3366ff;\"><span style=\"color: #0000ff;\">liechti.ilyouk@gmail.com<\/span><\/span><\/a><\/p>\n<p><strong>L\u00e9a Iannone<\/strong><br \/>\nRoute des Pralettes 88<br \/>\n1723 Marly<br \/>\n079 704 98 87\u202c<br \/>\n<a href=\"mailto:iannone.lea@gmail.com\"><span style=\"color: #3366ff;\"><span style=\"color: #0000ff;\">iannone.lea@gmail.com<\/span><\/span><\/a><\/p>\n<p><strong>No\u00e9mie K\u00fcng<\/strong><br \/>\nRte de Montaubert 125<br \/>\n1720 Corminboeuf<br \/>\n079 786 08 85\u202c<br \/>\n<a href=\"mailto:info@corsalta.ch\"><span style=\"color: #3366ff;\"><span style=\"color: #0000ff;\">info@corsalta.ch<\/span><\/span><\/a><\/p>\n<p><strong>Jennifer Richoz<\/strong><br \/>\nRoute de Rueyres 78<br \/>\n1626 Rueyres-Treyfayes<br \/>\n078 203 88 31\u202c<br \/>\n<span style=\"color: #0000ff;\"><a style=\"color: #0000ff;\" href=\"mailto:iemanja.flow@gmail.com\">iemanja.flow@gmail.com<\/a><\/span><\/p>\n<p><strong>Association des Amis de la Planche<\/strong><br \/>\nAdrien Perriard<br \/>\nRte de la Bergerie 32<br \/>\n1784 Wallenried<br \/>\n<a href=\"mailto:adrien.perriard@bluewin.ch\"><span style=\"color: #0000ff;\">adrien.perriard@bluewin.ch<\/span><\/a>[\/vc_column_text][vc_empty_space height=\u00a0\u00bb30px\u00a0\u00bb][\/vc_column][vc_column width=\u00a0\u00bb1\/6&Prime;][\/vc_column][vc_column width=\u00a0\u00bb1\/6&Prime;][\/vc_column][\/vc_row]<\/p>\n<\/div>","protected":false},"excerpt":{"rendered":"<p>[vc_row row_content_width=\u00a0\u00bbgrid\u00a0\u00bb][vc_column][\/vc_column][\/vc_row][vc_row content_text_aligment=\u00a0\u00bbcenter\u00a0\u00bb][vc_column width=\u00a0\u00bb1\/6&Prime;][\/vc_column][vc_column width=\u00a0\u00bb1\/6&Prime;][\/vc_column][vc_column width=\u00a0\u00bb1\/6&Prime;][vc_empty_space height=\u00a0\u00bb15px\u00a0\u00bb][vc_column_text]Initiation enfants Sarah (\u00e0 Grolley) Ilyouk et L\u00e9a Contemporain enfants Sarah (aussi \u00e0 Grolley) Ilyouk et L\u00e9a No\u00e9mie Contemporain adultes Nathalie Victoria Modern jazz enfants Sarah Modern jazz adultes Nathalie Victoria Classique enfants Marceline [&hellip;]<\/p>\n","protected":false},"author":2,"featured_media":0,"parent":0,"menu_order":0,"comment_status":"closed","ping_status":"closed","template":"full-width.php","meta":{"footnotes":""},"class_list":["post-8788","page","type-page","status-publish","hentry"],"_links":{"self":[{"href":"https:\/\/danselaplanche.ch\/index.php\/wp-json\/wp\/v2\/pages\/8788","targetHints":{"allow":["GET"]}}],"collection":[{"href":"https:\/\/danselaplanche.ch\/index.php\/wp-json\/wp\/v2\/pages"}],"about":[{"href":"https:\/\/danselaplanche.ch\/index.php\/wp-json\/wp\/v2\/types\/page"}],"author":[{"embeddable":true,"href":"https:\/\/danselaplanche.ch\/index.php\/wp-json\/wp\/v2\/users\/2"}],"replies":[{"embeddable":true,"href":"https:\/\/danselaplanche.ch\/index.php\/wp-json\/wp\/v2\/comments?post=8788"}],"version-history":[{"count":75,"href":"https:\/\/danselaplanche.ch\/index.php\/wp-json\/wp\/v2\/pages\/8788\/revisions"}],"predecessor-version":[{"id":10503,"href":"https:\/\/danselaplanche.ch\/index.php\/wp-json\/wp\/v2\/pages\/8788\/revisions\/10503"}],"wp:attachment":[{"href":"https:\/\/danselaplanche.ch\/index.php\/wp-json\/wp\/v2\/media?parent=8788"}],"curies":[{"name":"wp","href":"https:\/\/api.w.org\/{rel}","templated":true}]}}