{"id":8696,"date":"2020-02-22T17:13:00","date_gmt":"2020-02-22T17:13:00","guid":{"rendered":"http:\/\/demo.danselaplanche.ch\/oneconcept\/?page_id=8696"},"modified":"2025-09-17T11:01:45","modified_gmt":"2025-09-17T11:01:45","slug":"association-des-amis-de-la-planche","status":"publish","type":"page","link":"https:\/\/danselaplanche.ch\/index.php\/association-des-amis-de-la-planche\/","title":{"rendered":"Association Des Amis de La Planche"},"content":{"rendered":"<div class=\"wpb-content-wrapper\"><p>[vc_row][vc_column width=\u00a0\u00bb5\/6&Prime; offset=\u00a0\u00bbvc_col-lg-offset-1 vc_col-lg-10 vc_col-md-offset-1 vc_col-md-10 vc_col-sm-offset-1&Prime;]<div class=\"mkdf-elements-holder   mkdf-one-column  mkdf-responsive-mode-768 \" ><div class=\"mkdf-eh-item     \"  data-item-class=\"mkdf-eh-custom-7905\" data-1024-1366=\"0 68px\" data-768-1024=\"0 35px\" data-680-768=\"0 35px\" data-680=\"0 0 0 0\">\n\t<div class=\"mkdf-eh-item-inner\">\n\t\t<div class=\"mkdf-eh-item-content mkdf-eh-custom-7905\" style=\"padding: 0 70px\">\n\t\t\t[vc_empty_space height=\u00a0\u00bb40px\u00a0\u00bb][vc_column_text css=\u00a0\u00bb.vc_custom_1653420932861{margin-top: -35px !important;}\u00a0\u00bb]<\/p>\n<h3 style=\"text-align: center;\">Association Des Amis de La Planche<\/h3>\n<p>[\/vc_column_text]<div class=\"mkdf-separator-holder clearfix  mkdf-separator-center  mkdf-separator-animation-yes\" style=\"margin-top: 30px;margin-bottom: 29px\">\n\t    <div data-width=\"140px\" class=\"mkdf-separator\" style=\"border-color: #000000;width: 140px;border-bottom-width: 1px\"><\/div>\n\t<\/div>\n\t\t<\/div>\n\t<\/div>\n<\/div><\/div>[\/vc_column][\/vc_row][vc_row][vc_column width=\u00a0\u00bb5\/6&Prime; offset=\u00a0\u00bbvc_col-lg-offset-1 vc_col-lg-10 vc_col-md-offset-1 vc_col-md-10 vc_col-sm-offset-1&Prime;]<div class=\"mkdf-elements-holder   mkdf-one-column  mkdf-responsive-mode-768 \" ><div class=\"mkdf-eh-item     \"  data-item-class=\"mkdf-eh-custom-3093\" data-1024-1366=\"0 68px\" data-768-1024=\"0 35px\" data-680-768=\"0 35px\" data-680=\"0 0 0 0\">\n\t<div class=\"mkdf-eh-item-inner\">\n\t\t<div class=\"mkdf-eh-item-content mkdf-eh-custom-3093\" style=\"padding: 0 70px\">\n\t\t\t[vc_empty_space height=\u00a0\u00bb50px\u00a0\u00bb]<p class=\"mkdf-custom-font-holder  mkdf-cf-1005  \" style=\"font-family: Scriptina;font-size: 50px;line-height: 2em;font-weight: 400;text-align: center;color: #bababa\" data-item-class=\"mkdf-cf-1005\" data-font-size-680=\"55px\" data-line-height-680=\"2em\">\n\t<\/p>[vc_empty_space height=\u00a0\u00bb5px\u00a0\u00bb][vc_column_text css=\u00a0\u00bb.vc_custom_1758106903569{margin-top: -35px !important;}\u00a0\u00bb]<span style=\"font-size: 12pt; color: #000000;\">Pr\u00e9sidente : Debby Wyssling<\/span><\/p>\n<p><span style=\"font-size: 12pt; color: #000000;\">Tr\u00e9sorier : Adrien Perriard<br \/>\n<\/span><br \/>\n<span style=\"font-size: 12pt; color: #000000;\">L\u2019Association a pour but de soutenir les activit\u00e9s de l\u2019Ecole de danse \u00ab\u00a0La Planche\u00a0\u00bb (mat\u00e9riel, spectacle, \u00e9colage).<\/span><span style=\"font-size: 12pt; color: #000000;\"><br \/>\nSi vous d\u00e9sirez vous aussi manifester votre soutien \u00e0 La Planche, il vous est possible d\u2019adh\u00e9rer \u00e0 notre association. La cotisation se monte \u00e0 30.- par ann\u00e9e.<br \/>\n<\/span><\/p>\n<p>&nbsp;<\/p>\n<p><span style=\"color: #000000;\"><strong><span style=\"font-size: 12pt;\">Renseignements :<\/span><\/strong><span style=\"font-size: 12pt;\"><br \/>\nMady Perriard\u00a0 <\/span><\/span><span style=\"color: #000000; font-size: 12pt;\">026 322 78 30<\/span><br \/>\n<span style=\"color: #000000; font-size: 12pt;\">ou <\/span><span style=\"color: #000000; font-size: 12pt;\">Nathalie Favre-Pandur<\/span><br \/>\n<span style=\"color: #000000; font-size: 12pt;\">079 211 40 17 \/ <a href=\"mailto:nathalie@danselaplanche.ch\">nathalie@danselaplanche.ch<\/a><br \/>\n<\/span><\/p>\n<p><span style=\"font-size: 12pt; color: #000000;\"><br \/>\nAssociation des Amis de La Planche<\/span><br \/>\n<span style=\"font-size: 12pt; color: #000000;\">1700 Fribourg<\/span><br \/>\n<span style=\"font-size: 12pt; color: #000000;\">Num\u00e9ro de compte CCP : 17-4994-4<\/span><br \/>\n<span style=\"font-size: 12pt; color: #000000;\">IBAN : CH07 0900 0000 1700 4994 4<br \/>\nBIC : POFICHBEXXX<br \/>\n<\/span>[\/vc_column_text][vc_empty_space height=\u00a0\u00bb150px\u00a0\u00bb]\t\t<\/div>\n\t<\/div>\n<\/div><\/div>[\/vc_column][\/vc_row]<\/p>\n<\/div>","protected":false},"excerpt":{"rendered":"<p>[vc_row][vc_column width=\u00a0\u00bb5\/6&Prime; offset=\u00a0\u00bbvc_col-lg-offset-1 vc_col-lg-10 vc_col-md-offset-1 vc_col-md-10 vc_col-sm-offset-1&Prime;][\/vc_column][\/vc_row][vc_row][vc_column width=\u00a0\u00bb5\/6&Prime; offset=\u00a0\u00bbvc_col-lg-offset-1 vc_col-lg-10 vc_col-md-offset-1 vc_col-md-10 vc_col-sm-offset-1&Prime;][\/vc_column][\/vc_row]<\/p>\n","protected":false},"author":2,"featured_media":0,"parent":0,"menu_order":0,"comment_status":"closed","ping_status":"closed","template":"full-width.php","meta":{"footnotes":""},"class_list":["post-8696","page","type-page","status-publish","hentry"],"_links":{"self":[{"href":"https:\/\/danselaplanche.ch\/index.php\/wp-json\/wp\/v2\/pages\/8696","targetHints":{"allow":["GET"]}}],"collection":[{"href":"https:\/\/danselaplanche.ch\/index.php\/wp-json\/wp\/v2\/pages"}],"about":[{"href":"https:\/\/danselaplanche.ch\/index.php\/wp-json\/wp\/v2\/types\/page"}],"author":[{"embeddable":true,"href":"https:\/\/danselaplanche.ch\/index.php\/wp-json\/wp\/v2\/users\/2"}],"replies":[{"embeddable":true,"href":"https:\/\/danselaplanche.ch\/index.php\/wp-json\/wp\/v2\/comments?post=8696"}],"version-history":[{"count":21,"href":"https:\/\/danselaplanche.ch\/index.php\/wp-json\/wp\/v2\/pages\/8696\/revisions"}],"predecessor-version":[{"id":10519,"href":"https:\/\/danselaplanche.ch\/index.php\/wp-json\/wp\/v2\/pages\/8696\/revisions\/10519"}],"wp:attachment":[{"href":"https:\/\/danselaplanche.ch\/index.php\/wp-json\/wp\/v2\/media?parent=8696"}],"curies":[{"name":"wp","href":"https:\/\/api.w.org\/{rel}","templated":true}]}}