{"id":8579,"date":"2019-09-05T13:22:37","date_gmt":"2019-09-05T13:22:37","guid":{"rendered":"http:\/\/demo.danselaplanche.ch\/oneconcept\/?page_id=8579"},"modified":"2023-12-12T11:11:56","modified_gmt":"2023-12-12T11:11:56","slug":"sarah-avelini","status":"publish","type":"page","link":"https:\/\/danselaplanche.ch\/index.php\/sarah-avelini\/","title":{"rendered":"Sarah Avelini"},"content":{"rendered":"<div class=\"wpb-content-wrapper\"><p>[vc_row][vc_column width=\u00a0\u00bb5\/6&Prime; offset=\u00a0\u00bbvc_col-lg-offset-1 vc_col-lg-10 vc_col-md-offset-1 vc_col-md-10 vc_col-sm-offset-1&Prime;]<div class=\"mkdf-elements-holder   mkdf-one-column  mkdf-responsive-mode-768 \" ><div class=\"mkdf-eh-item     \"  data-item-class=\"mkdf-eh-custom-1003\" data-1024-1366=\"0 68px\" data-768-1024=\"0 35px\" data-680-768=\"0 35px\" data-680=\"0 0 0 0\">\n\t<div class=\"mkdf-eh-item-inner\">\n\t\t<div class=\"mkdf-eh-item-content mkdf-eh-custom-1003\" style=\"padding: 0 70px\">\n\t\t\t[vc_empty_space height=\u00a0\u00bb125px\u00a0\u00bb]<p class=\"mkdf-custom-font-holder  mkdf-cf-3254  \" style=\"font-family: Scriptina;font-size: 50px;line-height: 2em;font-weight: 400;text-align: center;color: #bababa\" data-item-class=\"mkdf-cf-3254\" data-font-size-680=\"55px\" data-line-height-680=\"2em\">\n\t<\/p>[vc_column_text css=\u00a0\u00bb.vc_custom_1589315757754{margin-top: -35px !important;}\u00a0\u00bb]<\/p>\n<h3 style=\"text-align: center;\">Sarah Avelini<\/h3>\n<p>[\/vc_column_text]<div class=\"mkdf-separator-holder clearfix  mkdf-separator-center  mkdf-separator-animation-yes\" style=\"margin-top: 30px;margin-bottom: 29px\">\n\t    <div data-width=\"140px\" class=\"mkdf-separator\" style=\"border-color: #000000;width: 140px;border-bottom-width: 1px\"><\/div>\n\t<\/div>\n[vc_empty_space height=\u00a0\u00bb25px\u00a0\u00bb]\t\t<\/div>\n\t<\/div>\n<\/div><\/div>[\/vc_column][\/vc_row][vc_row][vc_column width=\u00a0\u00bb1\/6&Prime;][\/vc_column][vc_column width=\u00a0\u00bb1\/6&Prime;]<div class=\"mkdf-team-holder mkdf-team-info-below-image\">\n\t<div class=\"mkdf-team-inner\">\n\t\t\t\t\t<div class=\"mkdf-team-image\">\n                <img loading=\"lazy\" decoding=\"async\" width=\"215\" height=\"250\" src=\"https:\/\/danselaplanche.ch\/wp-content\/uploads\/2019\/09\/Sarah-215x250.png\" class=\"attachment-full size-full\" alt=\"\" \/>\t\t\t<\/div>\n\t\t\t\t<div class=\"mkdf-team-info\">\n\t\t\t\t\t\t\t\t\t\t<span class=\"mkdf-team-position\" >Initiation | Contemporain | Classique | Pilate &amp; Streching<\/span>\n\t\t\t\t\t\t\t\t\t\t\t<\/div>\n\t<\/div>\n<\/div>[\/vc_column][vc_column width=\u00a0\u00bb1\/2&Prime;][vc_column_text]La danse joue un r\u00f4le essentiel dans la vie de Sarah depuis son plus jeune \u00e2ge o\u00f9 elle prend r\u00e9guli\u00e8rement des cours de danse. A 23 ans, elle commence une formation pr\u00e9-professionnelle de danse (classique, jazz, moderne, hip-hop, ragga dancehall &amp; le cursus de la compagnie \u2013 12 spectacles) \u00e0 l\u2019\u00e9cole R\u00e9sodanse Station \u00e0 Neuch\u00e2tel. Elle comprend qu\u2019elle doit prendre soin de son corps pour pouvoir faire de la danse son m\u00e9tier et surtout transmettre cet art de mani\u00e8re bienveillante.<br \/>\nEn 2016, elle obtient un dipl\u00f4me de massoth\u00e9rapeute qui la guide vers cette approche : le corps est li\u00e9 au mouvement, c\u2019est le mouvement qui gu\u00e9rit. En 2018, elle termine une formation d\u2019instructrice Pilates.<br \/>\nParall\u00e8lement elle est engag\u00e9e en 2017 en tant que danseuse et assistante de cr\u00e9ation pour la com\u00e9die musicale HAIR \u00e0 \u00c9quilibre et fonde sa propre compagnie de danse en juin 2019, la \u00ab CIE Yanopa \u00bb.<br \/>\nDepuis 2013, elle donne r\u00e9guli\u00e8rement des cours pour enfants, adolescents et adultes.<\/p>\n<p>\u00ab La danse joue un r\u00f4le capital dans les relations humaines, elle est une \u00e9cole du comportement social, de l\u2019harmonie du groupe. La danse est l\u2019\u00e9cole de la g\u00e9n\u00e9rosit\u00e9, du sens de la communaut\u00e9 et de l\u2019unit\u00e9 humaine. \u00bb Rudolph Von Laban<\/p>\n<p>Contact : <a href=\"mailto:sarah.avelini@gmail.com\">Sarah Avelini<\/a>[\/vc_column_text][\/vc_column][vc_column width=\u00a0\u00bb1\/6&Prime;][\/vc_column][\/vc_row][vc_row content_placement=\u00a0\u00bbmiddle\u00a0\u00bb][vc_column width=\u00a0\u00bb1\/5&Prime;][\/vc_column][vc_column width=\u00a0\u00bb1\/5&Prime;][\/vc_column][vc_column width=\u00a0\u00bb1\/5&Prime;][\/vc_column][vc_column width=\u00a0\u00bb1\/5&Prime;][\/vc_column][vc_column width=\u00a0\u00bb1\/5&Prime;]<a itemprop=\"url\" href=\"http:\/\/danselaplanche.ch\/index.php\/professeurs\/\" target=\"_self\" style=\"background-color: #ffffff;border-color: #000000\" class=\"mkdf-btn mkdf-btn-medium mkdf-btn-solid mkdf-btn-custom-hover-bg mkdf-btn-custom-border-hover mkdf-btn-custom-hover-color\" data-hover-color=\"#000000\" data-hover-bg-color=\"#ffffff\" data-hover-border-color=\"#000000\" >\n    <span class=\"mkdf-btn-text\">Retour<\/span>\n\t<\/a>[\/vc_column][\/vc_row]<\/p>\n<\/div>","protected":false},"excerpt":{"rendered":"<p>[vc_row][vc_column width=\u00a0\u00bb5\/6&Prime; offset=\u00a0\u00bbvc_col-lg-offset-1 vc_col-lg-10 vc_col-md-offset-1 vc_col-md-10 vc_col-sm-offset-1&Prime;][\/vc_column][\/vc_row][vc_row][vc_column width=\u00a0\u00bb1\/6&Prime;][\/vc_column][vc_column width=\u00a0\u00bb1\/6&Prime;][\/vc_column][vc_column width=\u00a0\u00bb1\/2&Prime;][vc_column_text]La danse joue un r\u00f4le essentiel dans la vie de Sarah depuis son plus jeune \u00e2ge o\u00f9 elle prend r\u00e9guli\u00e8rement des cours de danse. A 23 ans, elle commence une formation [&hellip;]<\/p>\n","protected":false},"author":2,"featured_media":0,"parent":0,"menu_order":0,"comment_status":"closed","ping_status":"closed","template":"coming-soon-page.php","meta":{"footnotes":""},"class_list":["post-8579","page","type-page","status-publish","hentry"],"_links":{"self":[{"href":"https:\/\/danselaplanche.ch\/index.php\/wp-json\/wp\/v2\/pages\/8579","targetHints":{"allow":["GET"]}}],"collection":[{"href":"https:\/\/danselaplanche.ch\/index.php\/wp-json\/wp\/v2\/pages"}],"about":[{"href":"https:\/\/danselaplanche.ch\/index.php\/wp-json\/wp\/v2\/types\/page"}],"author":[{"embeddable":true,"href":"https:\/\/danselaplanche.ch\/index.php\/wp-json\/wp\/v2\/users\/2"}],"replies":[{"embeddable":true,"href":"https:\/\/danselaplanche.ch\/index.php\/wp-json\/wp\/v2\/comments?post=8579"}],"version-history":[{"count":9,"href":"https:\/\/danselaplanche.ch\/index.php\/wp-json\/wp\/v2\/pages\/8579\/revisions"}],"predecessor-version":[{"id":10141,"href":"https:\/\/danselaplanche.ch\/index.php\/wp-json\/wp\/v2\/pages\/8579\/revisions\/10141"}],"wp:attachment":[{"href":"https:\/\/danselaplanche.ch\/index.php\/wp-json\/wp\/v2\/media?parent=8579"}],"curies":[{"name":"wp","href":"https:\/\/api.w.org\/{rel}","templated":true}]}}