{"id":8570,"date":"2019-09-05T13:12:46","date_gmt":"2019-09-05T13:12:46","guid":{"rendered":"http:\/\/demo.danselaplanche.ch\/oneconcept\/?page_id=8570"},"modified":"2023-12-12T11:15:00","modified_gmt":"2023-12-12T11:15:00","slug":"victoria-schnegg","status":"publish","type":"page","link":"https:\/\/danselaplanche.ch\/index.php\/victoria-schnegg\/","title":{"rendered":"Victoria Schnegg"},"content":{"rendered":"<div class=\"wpb-content-wrapper\"><p>[vc_row][vc_column width=\u00a0\u00bb5\/6&Prime; offset=\u00a0\u00bbvc_col-lg-offset-1 vc_col-lg-10 vc_col-md-offset-1 vc_col-md-10 vc_col-sm-offset-1&Prime;]<div class=\"mkdf-elements-holder   mkdf-one-column  mkdf-responsive-mode-768 \" ><div class=\"mkdf-eh-item     \"  data-item-class=\"mkdf-eh-custom-3193\" data-1024-1366=\"0 68px\" data-768-1024=\"0 35px\" data-680-768=\"0 35px\" data-680=\"0 0 0 0\">\n\t<div class=\"mkdf-eh-item-inner\">\n\t\t<div class=\"mkdf-eh-item-content mkdf-eh-custom-3193\" style=\"padding: 0 70px\">\n\t\t\t[vc_empty_space height=\u00a0\u00bb125px\u00a0\u00bb]<p class=\"mkdf-custom-font-holder  mkdf-cf-4646  \" style=\"font-family: Scriptina;font-size: 50px;line-height: 2em;font-weight: 400;text-align: center;color: #bababa\" data-item-class=\"mkdf-cf-4646\" data-font-size-680=\"55px\" data-line-height-680=\"2em\">\n\t<\/p>[vc_column_text css=\u00a0\u00bb.vc_custom_1594102856752{margin-top: -35px !important;}\u00a0\u00bb]<\/p>\n<h3 style=\"text-align: center;\">Victoria Schnegg<\/h3>\n<p>[\/vc_column_text]<div class=\"mkdf-separator-holder clearfix  mkdf-separator-center  mkdf-separator-animation-yes\" style=\"margin-top: 30px;margin-bottom: 29px\">\n\t    <div data-width=\"140px\" class=\"mkdf-separator\" style=\"border-color: #000000;width: 140px;border-bottom-width: 1px\"><\/div>\n\t<\/div>\n[vc_empty_space height=\u00a0\u00bb25px\u00a0\u00bb]\t\t<\/div>\n\t<\/div>\n<\/div><\/div>[\/vc_column][\/vc_row][vc_row][vc_column width=\u00a0\u00bb1\/6&Prime;][\/vc_column][vc_column width=\u00a0\u00bb1\/6&Prime;]<div class=\"mkdf-team-holder mkdf-team-info-below-image\">\n\t<div class=\"mkdf-team-inner\">\n\t\t\t\t\t<div class=\"mkdf-team-image\">\n                <img loading=\"lazy\" decoding=\"async\" width=\"215\" height=\"250\" src=\"https:\/\/danselaplanche.ch\/wp-content\/uploads\/2020\/07\/victoria_schnegg_2020.jpg\" class=\"attachment-full size-full\" alt=\"\" \/>\t\t\t<\/div>\n\t\t\t\t<div class=\"mkdf-team-info\">\n\t\t\t\t\t\t\t\t\t\t<span class=\"mkdf-team-position\" >Contemporain | Modern Jazz<\/span>\n\t\t\t\t\t\t\t\t\t\t\t<\/div>\n\t<\/div>\n<\/div>[\/vc_column][vc_column width=\u00a0\u00bb1\/2&Prime;][vc_column_text]Victoria est titulaire d&rsquo;un master en p\u00e9dagogie, \u00e9cole secondaire II, et est sp\u00e9cialis\u00e9e en danse et chor\u00e9graphie \u00e0 l\u2019universit\u00e9 de danse et de cirque de Stockholm, Su\u00e8de (2012-2017).<br \/>\nElle a \u00e9t\u00e9 chor\u00e9graphe et danseuse au sein des compagnies suivantes: \u00ab Paloma Dance Company \u00bb et \u00ab Nona Danskollektiv \u00bb en Su\u00e8de (2015-2017).<br \/>\nEn Scandinavie, elle a enseign\u00e9 dans diff\u00e9rentes \u00e9coles de danse et \u00e9coles secondaire II. Elle a \u00e9galement donn\u00e9 des cours en Suisse \u00e0 Jazzdanse Corg\u00e9mont et a \u00e9galement eu l&rsquo;occasion d&rsquo;enseigner \u00e0 l\u2019universit\u00e9 internationale de Madrid.<br \/>\nAvant de revenir en Suisse, elle a travaill\u00e9 au sein d\u2019un projet de danse afin d&rsquo;am\u00e9liorer la sant\u00e9 psychique d\u2019adolescentes touch\u00e9es par la d\u00e9pression. Elle a \u00e9galement travaill\u00e9 administrativement dans un th\u00e9\u00e2tre de danse \u00ab ZebraDans \u00bb qui cible les enfants et adolescents.<br \/>\nElle enseigne actuellement la danse contemporaine et modern&rsquo;jazz \u00e0 la Planche.<\/p>\n<p>Contact : <a href=\"mailto:paloma.platform@gmail.com\">Victoria Schnegg<\/a>[\/vc_column_text][\/vc_column][vc_column width=\u00a0\u00bb1\/6&Prime;][\/vc_column][\/vc_row][vc_row content_placement=\u00a0\u00bbmiddle\u00a0\u00bb][vc_column width=\u00a0\u00bb1\/5&Prime;][\/vc_column][vc_column width=\u00a0\u00bb1\/5&Prime;][\/vc_column][vc_column width=\u00a0\u00bb1\/5&Prime;][\/vc_column][vc_column width=\u00a0\u00bb1\/5&Prime;][\/vc_column][vc_column width=\u00a0\u00bb1\/5&Prime;]<a itemprop=\"url\" href=\"http:\/\/danselaplanche.ch\/index.php\/professeurs\/\" target=\"_self\" style=\"background-color: #ffffff;border-color: #000000\" class=\"mkdf-btn mkdf-btn-medium mkdf-btn-solid mkdf-btn-custom-hover-bg mkdf-btn-custom-border-hover mkdf-btn-custom-hover-color\" data-hover-color=\"#000000\" data-hover-bg-color=\"#ffffff\" data-hover-border-color=\"#000000\" >\n    <span class=\"mkdf-btn-text\">Retour<\/span>\n\t<\/a>[\/vc_column][\/vc_row]<\/p>\n<\/div>","protected":false},"excerpt":{"rendered":"<p>[vc_row][vc_column width=\u00a0\u00bb5\/6&Prime; offset=\u00a0\u00bbvc_col-lg-offset-1 vc_col-lg-10 vc_col-md-offset-1 vc_col-md-10 vc_col-sm-offset-1&Prime;][\/vc_column][\/vc_row][vc_row][vc_column width=\u00a0\u00bb1\/6&Prime;][\/vc_column][vc_column width=\u00a0\u00bb1\/6&Prime;][\/vc_column][vc_column width=\u00a0\u00bb1\/2&Prime;][vc_column_text]Victoria est titulaire d&rsquo;un master en p\u00e9dagogie, \u00e9cole secondaire II, et est sp\u00e9cialis\u00e9e en danse et chor\u00e9graphie \u00e0 l\u2019universit\u00e9 de danse et de cirque de Stockholm, Su\u00e8de (2012-2017). Elle a \u00e9t\u00e9 [&hellip;]<\/p>\n","protected":false},"author":2,"featured_media":0,"parent":0,"menu_order":0,"comment_status":"closed","ping_status":"closed","template":"coming-soon-page.php","meta":{"footnotes":""},"class_list":["post-8570","page","type-page","status-publish","hentry"],"_links":{"self":[{"href":"https:\/\/danselaplanche.ch\/index.php\/wp-json\/wp\/v2\/pages\/8570","targetHints":{"allow":["GET"]}}],"collection":[{"href":"https:\/\/danselaplanche.ch\/index.php\/wp-json\/wp\/v2\/pages"}],"about":[{"href":"https:\/\/danselaplanche.ch\/index.php\/wp-json\/wp\/v2\/types\/page"}],"author":[{"embeddable":true,"href":"https:\/\/danselaplanche.ch\/index.php\/wp-json\/wp\/v2\/users\/2"}],"replies":[{"embeddable":true,"href":"https:\/\/danselaplanche.ch\/index.php\/wp-json\/wp\/v2\/comments?post=8570"}],"version-history":[{"count":16,"href":"https:\/\/danselaplanche.ch\/index.php\/wp-json\/wp\/v2\/pages\/8570\/revisions"}],"predecessor-version":[{"id":10143,"href":"https:\/\/danselaplanche.ch\/index.php\/wp-json\/wp\/v2\/pages\/8570\/revisions\/10143"}],"wp:attachment":[{"href":"https:\/\/danselaplanche.ch\/index.php\/wp-json\/wp\/v2\/media?parent=8570"}],"curies":[{"name":"wp","href":"https:\/\/api.w.org\/{rel}","templated":true}]}}