{"id":8565,"date":"2019-09-05T13:02:07","date_gmt":"2019-09-05T13:02:07","guid":{"rendered":"http:\/\/demo.danselaplanche.ch\/oneconcept\/?page_id=8565"},"modified":"2025-06-04T09:56:56","modified_gmt":"2025-06-04T09:56:56","slug":"nathalie-favre-pandur","status":"publish","type":"page","link":"https:\/\/danselaplanche.ch\/index.php\/nathalie-favre-pandur\/","title":{"rendered":"NATHALIE FAVRE-PANDUR"},"content":{"rendered":"<div class=\"wpb-content-wrapper\"><p>[vc_row][vc_column width=\u00a0\u00bb5\/6&Prime; offset=\u00a0\u00bbvc_col-lg-offset-1 vc_col-lg-10 vc_col-md-offset-1 vc_col-md-10 vc_col-sm-offset-1&Prime;]<div class=\"mkdf-elements-holder   mkdf-one-column  mkdf-responsive-mode-768 \" ><div class=\"mkdf-eh-item     \"  data-item-class=\"mkdf-eh-custom-8409\" data-1024-1366=\"0 68px\" data-768-1024=\"0 35px\" data-680-768=\"0 35px\" data-680=\"0 0 0 0\">\n\t<div class=\"mkdf-eh-item-inner\">\n\t\t<div class=\"mkdf-eh-item-content mkdf-eh-custom-8409\" style=\"padding: 0 70px\">\n\t\t\t[vc_empty_space height=\u00a0\u00bb125px\u00a0\u00bb]<p class=\"mkdf-custom-font-holder  mkdf-cf-5206  \" style=\"font-family: Scriptina;font-size: 50px;line-height: 2em;font-weight: 400;text-align: center;color: #bababa\" data-item-class=\"mkdf-cf-5206\" data-font-size-680=\"55px\" data-line-height-680=\"2em\">\n\t<\/p>[vc_column_text css=\u00a0\u00bb.vc_custom_1589315632490{margin-top: -35px !important;}\u00a0\u00bb]<\/p>\n<h3 style=\"text-align: center;\">NATHALIE FAVRE-PANDUR<\/h3>\n<p>[\/vc_column_text]<div class=\"mkdf-separator-holder clearfix  mkdf-separator-center  mkdf-separator-animation-yes\" style=\"margin-top: 30px;margin-bottom: 29px\">\n\t    <div data-width=\"140px\" class=\"mkdf-separator\" style=\"border-color: #000000;width: 140px;border-bottom-width: 1px\"><\/div>\n\t<\/div>\n[vc_empty_space height=\u00a0\u00bb25px\u00a0\u00bb]\t\t<\/div>\n\t<\/div>\n<\/div><\/div>[\/vc_column][\/vc_row][vc_row][vc_column width=\u00a0\u00bb1\/6&Prime;][\/vc_column][vc_column width=\u00a0\u00bb1\/6&Prime;]<div class=\"mkdf-team-holder mkdf-team-info-below-image\">\n\t<div class=\"mkdf-team-inner\">\n\t\t\t\t\t<div class=\"mkdf-team-image\">\n                <img loading=\"lazy\" decoding=\"async\" width=\"215\" height=\"250\" src=\"https:\/\/danselaplanche.ch\/wp-content\/uploads\/2019\/08\/favre-pandur_nathalie.jpg\" class=\"attachment-full size-full\" alt=\"\" \/>\t\t\t<\/div>\n\t\t\t\t<div class=\"mkdf-team-info\">\n\t\t\t\t\t\t\t\t\t\t<span class=\"mkdf-team-position\" >Contemporain | Classique | Modern\u2019Jazz | Danse expressive<\/span>\n\t\t\t\t\t\t\t\t\t\t\t<\/div>\n\t<\/div>\n<\/div>[\/vc_column][vc_column width=\u00a0\u00bb1\/2&Prime;][vc_column_text]<\/p>\n<p style=\"text-align: left;\">Apr\u00e8s sa formation professionnelle \u00e0 Z\u00fcrich et au Helsinki City Theater, achev\u00e9e en 1990, elle danse pour divers chor\u00e9graphes en Suisse (Tamut\u00e9 Company, S. Ziehlmann, S. Carioni, Ivan Wolfe, C. Merz, etc). En 1997, elle revient \u00e0 Fribourg, sa ville natale, o\u00f9 elle se lance dans l\u2019enseignement tout en continuant \u00e0 se produire sur sc\u00e8ne (Da Motus\u00a0!, Cie M-Ch. Giordano, Cie Vol au Vent) et dans ses cr\u00e9ations propres (<em>Presque-Personne<\/em>,\u00a0<em>RE-naissance)<\/em>. Elle a aussi \u00e9t\u00e9 r\u00e9guli\u00e8rement sollicit\u00e9e pour la cr\u00e9ation de chor\u00e9graphies pour des pi\u00e8ces de th\u00e9\u00e2tre et des spectacles musicaux et travaille en improvisation avec une musicienne fribourgeoise, Carla Br\u00fclhart.<br \/>\nActuellement elle enseigne la danse contemporaine, classique, modern&rsquo;jazz et la danse expressive \u00e0 l\u2019\u00e9cole de la Planche.<\/p>\n<p>Contact : <a href=\"mailto:nathalie@danselaplanche.ch\">Nathalie Favre-Pandur<\/a>[\/vc_column_text][\/vc_column][vc_column width=\u00a0\u00bb1\/6&Prime;][\/vc_column][\/vc_row][vc_row content_placement=\u00a0\u00bbmiddle\u00a0\u00bb][vc_column width=\u00a0\u00bb1\/5&Prime;][\/vc_column][vc_column width=\u00a0\u00bb1\/5&Prime;][\/vc_column][vc_column width=\u00a0\u00bb1\/5&Prime;][\/vc_column][vc_column width=\u00a0\u00bb1\/5&Prime;][\/vc_column][vc_column width=\u00a0\u00bb1\/5&Prime;]<a itemprop=\"url\" href=\"http:\/\/danselaplanche.ch\/index.php\/professeurs\/\" target=\"_self\" style=\"background-color: #ffffff;border-color: #000000\" class=\"mkdf-btn mkdf-btn-medium mkdf-btn-solid mkdf-btn-custom-hover-bg mkdf-btn-custom-border-hover mkdf-btn-custom-hover-color\" data-hover-color=\"#000000\" data-hover-bg-color=\"#ffffff\" data-hover-border-color=\"#000000\" >\n    <span class=\"mkdf-btn-text\">Retour<\/span>\n\t<\/a>[\/vc_column][\/vc_row]<\/p>\n<\/div>","protected":false},"excerpt":{"rendered":"<p>[vc_row][vc_column width=\u00a0\u00bb5\/6&Prime; offset=\u00a0\u00bbvc_col-lg-offset-1 vc_col-lg-10 vc_col-md-offset-1 vc_col-md-10 vc_col-sm-offset-1&Prime;][\/vc_column][\/vc_row][vc_row][vc_column width=\u00a0\u00bb1\/6&Prime;][\/vc_column][vc_column width=\u00a0\u00bb1\/6&Prime;][\/vc_column][vc_column width=\u00a0\u00bb1\/2&Prime;][vc_column_text] Apr\u00e8s sa formation professionnelle \u00e0 Z\u00fcrich et au Helsinki City Theater, achev\u00e9e en 1990, elle danse pour divers chor\u00e9graphes en Suisse (Tamut\u00e9 Company, S. Ziehlmann, S. Carioni, Ivan Wolfe, C. [&hellip;]<\/p>\n","protected":false},"author":2,"featured_media":0,"parent":0,"menu_order":0,"comment_status":"closed","ping_status":"closed","template":"coming-soon-page.php","meta":{"footnotes":""},"class_list":["post-8565","page","type-page","status-publish","hentry"],"_links":{"self":[{"href":"https:\/\/danselaplanche.ch\/index.php\/wp-json\/wp\/v2\/pages\/8565","targetHints":{"allow":["GET"]}}],"collection":[{"href":"https:\/\/danselaplanche.ch\/index.php\/wp-json\/wp\/v2\/pages"}],"about":[{"href":"https:\/\/danselaplanche.ch\/index.php\/wp-json\/wp\/v2\/types\/page"}],"author":[{"embeddable":true,"href":"https:\/\/danselaplanche.ch\/index.php\/wp-json\/wp\/v2\/users\/2"}],"replies":[{"embeddable":true,"href":"https:\/\/danselaplanche.ch\/index.php\/wp-json\/wp\/v2\/comments?post=8565"}],"version-history":[{"count":9,"href":"https:\/\/danselaplanche.ch\/index.php\/wp-json\/wp\/v2\/pages\/8565\/revisions"}],"predecessor-version":[{"id":10142,"href":"https:\/\/danselaplanche.ch\/index.php\/wp-json\/wp\/v2\/pages\/8565\/revisions\/10142"}],"wp:attachment":[{"href":"https:\/\/danselaplanche.ch\/index.php\/wp-json\/wp\/v2\/media?parent=8565"}],"curies":[{"name":"wp","href":"https:\/\/api.w.org\/{rel}","templated":true}]}}