{"id":10011,"date":"2023-06-22T16:30:02","date_gmt":"2023-06-22T16:30:02","guid":{"rendered":"http:\/\/danselaplanche.ch\/?page_id=10011"},"modified":"2025-06-04T09:58:46","modified_gmt":"2025-06-04T09:58:46","slug":"ilyouk-liechti","status":"publish","type":"page","link":"https:\/\/danselaplanche.ch\/index.php\/ilyouk-liechti\/","title":{"rendered":"Ilyouk Liechti"},"content":{"rendered":"<div class=\"wpb-content-wrapper\"><p>[vc_row][vc_column width=\u00a0\u00bb5\/6&Prime; offset=\u00a0\u00bbvc_col-lg-offset-1 vc_col-lg-10 vc_col-md-offset-1 vc_col-md-10 vc_col-sm-offset-1&Prime;]<div class=\"mkdf-elements-holder   mkdf-one-column  mkdf-responsive-mode-768 \" ><div class=\"mkdf-eh-item     \"  data-item-class=\"mkdf-eh-custom-9608\" data-1024-1366=\"0 68px\" data-768-1024=\"0 35px\" data-680-768=\"0 35px\" data-680=\"0 0 0 0\">\n\t<div class=\"mkdf-eh-item-inner\">\n\t\t<div class=\"mkdf-eh-item-content mkdf-eh-custom-9608\" style=\"padding: 0 70px\">\n\t\t\t[vc_empty_space height=\u00a0\u00bb125px\u00a0\u00bb]<p class=\"mkdf-custom-font-holder  mkdf-cf-2921  \" style=\"font-family: Scriptina;font-size: 50px;line-height: 2em;font-weight: 400;text-align: center;color: #bababa\" data-item-class=\"mkdf-cf-2921\" data-font-size-680=\"55px\" data-line-height-680=\"2em\">\n\t<\/p>[vc_column_text css=\u00a0\u00bb.vc_custom_1687705131190{margin-top: -35px !important;}\u00a0\u00bb]<\/p>\n<h3 style=\"text-align: center;\">Ilyouk Liechti<\/h3>\n<p>[\/vc_column_text]<div class=\"mkdf-separator-holder clearfix  mkdf-separator-center  mkdf-separator-animation-yes\" style=\"margin-top: 30px;margin-bottom: 29px\">\n\t    <div data-width=\"140px\" class=\"mkdf-separator\" style=\"border-color: #000000;width: 140px;border-bottom-width: 1px\"><\/div>\n\t<\/div>\n[vc_empty_space height=\u00a0\u00bb25px\u00a0\u00bb]\t\t<\/div>\n\t<\/div>\n<\/div><\/div>[\/vc_column][\/vc_row][vc_row][vc_column width=\u00a0\u00bb1\/6&Prime;][\/vc_column][vc_column width=\u00a0\u00bb1\/6&Prime;]<div class=\"mkdf-team-holder mkdf-team-info-below-image\">\n\t<div class=\"mkdf-team-inner\">\n\t\t\t\t\t<div class=\"mkdf-team-image\">\n                <img loading=\"lazy\" decoding=\"async\" width=\"215\" height=\"250\" src=\"https:\/\/danselaplanche.ch\/wp-content\/uploads\/2025\/06\/ilyouk_liechti_portrait.jpg\" class=\"attachment-full size-full\" alt=\"\" \/>\t\t\t<\/div>\n\t\t\t\t<div class=\"mkdf-team-info\">\n\t\t\t\t\t\t\t<h4 class=\"mkdf-team-name\" >Ilyouk Liechti<\/h4>\n\t\t\t\t\t\t\t\t\t\t<span class=\"mkdf-team-position\" >Initiation 4-6 ans | Contemporain 7-9 ans<\/span>\n\t\t\t\t\t\t\t\t\t\t\t<\/div>\n\t<\/div>\n<\/div>[\/vc_column][vc_column width=\u00a0\u00bb1\/2&Prime;][vc_column_text]Ilyouk a 23 ans et vient de finir sa troisi\u00e8me ann\u00e9e \u00e0 la Haute \u00c9cole P\u00e9dagogique de Berne.\u00a0 En lien avec cette formation elle a eu l\u2019opportunit\u00e9 de faire plusieurs stages dans des \u00e9coles primaires et de travailler avec des enfants de tous \u00e2ges.\u00a0 La danse est pour elle un merveilleux outil, favorisant l\u2019\u00e9panouissement et le d\u00e9veloppement personnel. Sa motivation est ainsi d\u2019autant plus grande \u00e0 faire d\u00e9couvrir ce moyen d\u2019expression passionnant aux jeunes enfants.<br \/>\nIlyouk a commenc\u00e9 la danse \u00e0 l\u2019\u00e2ge de 14 ans et prend toujours des cours de danse contemporaine et de Modern\u2019jazz \u00e0 l\u2019\u00e9cole de La Planche.<\/p>\n<p>Contact : <a href=\"mailto:liechti.ilyouk@gmail.com\">Ilyouk Liechti<\/a>[\/vc_column_text][\/vc_column][vc_column width=\u00a0\u00bb1\/6&Prime;][\/vc_column][\/vc_row][vc_row content_placement=\u00a0\u00bbmiddle\u00a0\u00bb][vc_column width=\u00a0\u00bb1\/5&Prime;][\/vc_column][vc_column width=\u00a0\u00bb1\/5&Prime;][\/vc_column][vc_column width=\u00a0\u00bb1\/5&Prime;][\/vc_column][vc_column width=\u00a0\u00bb1\/5&Prime;][\/vc_column][vc_column width=\u00a0\u00bb1\/5&Prime;]<a itemprop=\"url\" href=\"http:\/\/danselaplanche.ch\/index.php\/professeurs\/\" target=\"_self\" style=\"background-color: #ffffff;border-color: #000000\" class=\"mkdf-btn mkdf-btn-medium mkdf-btn-solid mkdf-btn-custom-hover-bg mkdf-btn-custom-border-hover mkdf-btn-custom-hover-color\" data-hover-color=\"#000000\" data-hover-bg-color=\"#ffffff\" data-hover-border-color=\"#000000\" >\n    <span class=\"mkdf-btn-text\">Retour<\/span>\n\t<\/a>[\/vc_column][\/vc_row]<\/p>\n<\/div>","protected":false},"excerpt":{"rendered":"<p>[vc_row][vc_column width=\u00a0\u00bb5\/6&Prime; offset=\u00a0\u00bbvc_col-lg-offset-1 vc_col-lg-10 vc_col-md-offset-1 vc_col-md-10 vc_col-sm-offset-1&Prime;][\/vc_column][\/vc_row][vc_row][vc_column width=\u00a0\u00bb1\/6&Prime;][\/vc_column][vc_column width=\u00a0\u00bb1\/6&Prime;][\/vc_column][vc_column width=\u00a0\u00bb1\/2&Prime;][vc_column_text]Ilyouk a 23 ans et vient de finir sa troisi\u00e8me ann\u00e9e \u00e0 la Haute \u00c9cole P\u00e9dagogique de Berne.\u00a0 En lien avec cette formation elle a eu l\u2019opportunit\u00e9 de faire plusieurs stages [&hellip;]<\/p>\n","protected":false},"author":3,"featured_media":0,"parent":0,"menu_order":0,"comment_status":"closed","ping_status":"closed","template":"coming-soon-page.php","meta":{"footnotes":""},"class_list":["post-10011","page","type-page","status-publish","hentry"],"_links":{"self":[{"href":"https:\/\/danselaplanche.ch\/index.php\/wp-json\/wp\/v2\/pages\/10011","targetHints":{"allow":["GET"]}}],"collection":[{"href":"https:\/\/danselaplanche.ch\/index.php\/wp-json\/wp\/v2\/pages"}],"about":[{"href":"https:\/\/danselaplanche.ch\/index.php\/wp-json\/wp\/v2\/types\/page"}],"author":[{"embeddable":true,"href":"https:\/\/danselaplanche.ch\/index.php\/wp-json\/wp\/v2\/users\/3"}],"replies":[{"embeddable":true,"href":"https:\/\/danselaplanche.ch\/index.php\/wp-json\/wp\/v2\/comments?post=10011"}],"version-history":[{"count":21,"href":"https:\/\/danselaplanche.ch\/index.php\/wp-json\/wp\/v2\/pages\/10011\/revisions"}],"predecessor-version":[{"id":10410,"href":"https:\/\/danselaplanche.ch\/index.php\/wp-json\/wp\/v2\/pages\/10011\/revisions\/10410"}],"wp:attachment":[{"href":"https:\/\/danselaplanche.ch\/index.php\/wp-json\/wp\/v2\/media?parent=10011"}],"curies":[{"name":"wp","href":"https:\/\/api.w.org\/{rel}","templated":true}]}}